{"id":55,"date":"2020-03-17T07:56:19","date_gmt":"2020-03-17T07:56:19","guid":{"rendered":"http:\/\/igj.co.mz\/?page_id=55"},"modified":"2025-11-30T12:10:55","modified_gmt":"2025-11-30T12:10:55","slug":"entidades-licenciadas","status":"publish","type":"page","link":"https:\/\/igj.co.mz\/?page_id=55","title":{"rendered":"Entidades Licenciadas"},"content":{"rendered":"\t\t<div data-elementor-type=\"wp-page\" data-elementor-id=\"55\" class=\"elementor elementor-55\">\n\t\t\t\t\t\t<section class=\"elementor-section elementor-top-section elementor-element elementor-element-348c98d elementor-section-boxed elementor-section-height-default elementor-section-height-default\" data-id=\"348c98d\" data-element_type=\"section\" data-e-type=\"section\">\n\t\t\t\t\t\t<div class=\"elementor-container elementor-column-gap-default\">\n\t\t\t\t\t<div class=\"elementor-column elementor-col-33 elementor-top-column elementor-element elementor-element-7841e23\" data-id=\"7841e23\" data-element_type=\"column\" data-e-type=\"column\">\n\t\t\t<div class=\"elementor-widget-wrap elementor-element-populated\">\n\t\t\t\t\t\t<div class=\"elementor-element elementor-element-d611b82 elementor-position-inline-start elementor-view-default elementor-mobile-position-block-start elementor-widget elementor-widget-icon-box\" data-id=\"d611b82\" data-element_type=\"widget\" data-e-type=\"widget\" data-widget_type=\"icon-box.default\">\n\t\t\t\t<div class=\"elementor-widget-container\">\n\t\t\t\t\t\t\t<div class=\"elementor-icon-box-wrapper\">\n\n\t\t\t\t\t\t<div class=\"elementor-icon-box-icon\">\n\t\t\t\t<a href=\"http:\/\/igj.co.mz\/\" class=\"elementor-icon\" tabindex=\"-1\" aria-label=\"In\u00edcio\">\n\t\t\t\t<i aria-hidden=\"true\" class=\"fas fa-house-damage\"><\/i>\t\t\t\t<\/a>\n\t\t\t<\/div>\n\t\t\t\n\t\t\t\t\t\t<div class=\"elementor-icon-box-content\">\n\n\t\t\t\t\t\t\t\t\t<h3 class=\"elementor-icon-box-title\">\n\t\t\t\t\t\t<a href=\"http:\/\/igj.co.mz\/\" >\n\t\t\t\t\t\t\tIn\u00edcio\t\t\t\t\t\t<\/a>\n\t\t\t\t\t<\/h3>\n\t\t\t\t\n\t\t\t\t\n\t\t\t<\/div>\n\t\t\t\n\t\t<\/div>\n\t\t\t\t\t\t<\/div>\n\t\t\t\t<\/div>\n\t\t\t\t<div class=\"elementor-element elementor-element-ac48882 elementor-position-inline-start elementor-view-default elementor-mobile-position-block-start elementor-widget elementor-widget-icon-box\" data-id=\"ac48882\" data-element_type=\"widget\" data-e-type=\"widget\" data-widget_type=\"icon-box.default\">\n\t\t\t\t<div class=\"elementor-widget-container\">\n\t\t\t\t\t\t\t<div class=\"elementor-icon-box-wrapper\">\n\n\t\t\t\t\t\t<div class=\"elementor-icon-box-icon\">\n\t\t\t\t<a href=\"http:\/\/igj.co.mz\/?page_id=236\" class=\"elementor-icon\" tabindex=\"-1\" aria-label=\"Regime Jur\u00eddico\">\n\t\t\t\t<i aria-hidden=\"true\" class=\"fas fa-gavel\"><\/i>\t\t\t\t<\/a>\n\t\t\t<\/div>\n\t\t\t\n\t\t\t\t\t\t<div class=\"elementor-icon-box-content\">\n\n\t\t\t\t\t\t\t\t\t<h3 class=\"elementor-icon-box-title\">\n\t\t\t\t\t\t<a href=\"http:\/\/igj.co.mz\/?page_id=236\" >\n\t\t\t\t\t\t\tRegime Jur\u00eddico\t\t\t\t\t\t<\/a>\n\t\t\t\t\t<\/h3>\n\t\t\t\t\n\t\t\t\t\n\t\t\t<\/div>\n\t\t\t\n\t\t<\/div>\n\t\t\t\t\t\t<\/div>\n\t\t\t\t<\/div>\n\t\t\t\t<div class=\"elementor-element elementor-element-3672f75 elementor-position-inline-start elementor-view-default elementor-mobile-position-block-start elementor-widget elementor-widget-icon-box\" data-id=\"3672f75\" data-element_type=\"widget\" data-e-type=\"widget\" data-widget_type=\"icon-box.default\">\n\t\t\t\t<div class=\"elementor-widget-container\">\n\t\t\t\t\t\t\t<div class=\"elementor-icon-box-wrapper\">\n\n\t\t\t\t\t\t<div class=\"elementor-icon-box-icon\">\n\t\t\t\t<a href=\"http:\/\/igj.co.mz\/?page_id=242\" class=\"elementor-icon\" tabindex=\"-1\" aria-label=\"Regulamentos , Instru\u00e7\u00f5es e Orienta\u00e7\u00f5es\">\n\t\t\t\t<i aria-hidden=\"true\" class=\"far fa-newspaper\"><\/i>\t\t\t\t<\/a>\n\t\t\t<\/div>\n\t\t\t\n\t\t\t\t\t\t<div class=\"elementor-icon-box-content\">\n\n\t\t\t\t\t\t\t\t\t<h3 class=\"elementor-icon-box-title\">\n\t\t\t\t\t\t<a href=\"http:\/\/igj.co.mz\/?page_id=242\" >\n\t\t\t\t\t\t\tRegulamentos , Instru\u00e7\u00f5es e Orienta\u00e7\u00f5es\t\t\t\t\t\t<\/a>\n\t\t\t\t\t<\/h3>\n\t\t\t\t\n\t\t\t\t\n\t\t\t<\/div>\n\t\t\t\n\t\t<\/div>\n\t\t\t\t\t\t<\/div>\n\t\t\t\t<\/div>\n\t\t\t\t<div class=\"elementor-element elementor-element-8d5ab70 elementor-position-inline-start elementor-view-default elementor-mobile-position-block-start elementor-widget elementor-widget-icon-box\" data-id=\"8d5ab70\" data-element_type=\"widget\" data-e-type=\"widget\" data-widget_type=\"icon-box.default\">\n\t\t\t\t<div class=\"elementor-widget-container\">\n\t\t\t\t\t\t\t<div class=\"elementor-icon-box-wrapper\">\n\n\t\t\t\t\t\t<div class=\"elementor-icon-box-icon\">\n\t\t\t\t<a href=\"http:\/\/igj.co.mz\/?page_id=244\" class=\"elementor-icon\" tabindex=\"-1\" aria-label=\"Jogos e Apostas Regulamentados\">\n\t\t\t\t<i aria-hidden=\"true\" class=\"far fa-life-ring\"><\/i>\t\t\t\t<\/a>\n\t\t\t<\/div>\n\t\t\t\n\t\t\t\t\t\t<div class=\"elementor-icon-box-content\">\n\n\t\t\t\t\t\t\t\t\t<h3 class=\"elementor-icon-box-title\">\n\t\t\t\t\t\t<a href=\"http:\/\/igj.co.mz\/?page_id=244\" >\n\t\t\t\t\t\t\tJogos e Apostas Regulamentados\t\t\t\t\t\t<\/a>\n\t\t\t\t\t<\/h3>\n\t\t\t\t\n\t\t\t\t\n\t\t\t<\/div>\n\t\t\t\n\t\t<\/div>\n\t\t\t\t\t\t<\/div>\n\t\t\t\t<\/div>\n\t\t\t\t\t<\/div>\n\t\t<\/div>\n\t\t\t\t<div class=\"elementor-column elementor-col-66 elementor-top-column elementor-element elementor-element-45e52cf\" data-id=\"45e52cf\" data-element_type=\"column\" data-e-type=\"column\">\n\t\t\t<div class=\"elementor-widget-wrap elementor-element-populated\">\n\t\t\t\t\t\t<div class=\"elementor-element elementor-element-c6dc7d5 elementor-widget elementor-widget-heading\" data-id=\"c6dc7d5\" data-element_type=\"widget\" data-e-type=\"widget\" data-widget_type=\"heading.default\">\n\t\t\t\t<div class=\"elementor-widget-container\">\n\t\t\t\t\t<h2 class=\"elementor-heading-title elementor-size-default\">Entidades licenciadas<\/h2>\t\t\t\t<\/div>\n\t\t\t\t<\/div>\n\t\t\t\t<div class=\"elementor-element elementor-element-eaf604d elementor-widget elementor-widget-text-editor\" data-id=\"eaf604d\" data-element_type=\"widget\" data-e-type=\"widget\" data-widget_type=\"text-editor.default\">\n\t\t\t\t<div class=\"elementor-widget-container\">\n\t\t\t\t\t\t\t\t\t<p><strong>Entidades em Explora\u00e7\u00e3o<\/strong><\/p><ol><li>Casino Polana (Maputo)<\/li><li>Casino Marina (Maputo)<\/li><li>Casino Nautilus (Matola)<\/li><li>Casino Nautilus (Nampula)<\/li><li>Casino Marina (Pemba)<\/li><li>Casino Marina (Beira)<\/li><li>Casino Marina Slots (Beira)<\/li><li>Casino New Macau (Tete)<\/li><\/ol><p><strong>Em processo de licenciamento<\/strong><\/p><ol><li>Casino New Macau (Nampula)\u00a0<\/li><li>Huaxing Casino (Nacala)<\/li><li>Casino Diamonds (Pemba)<\/li><li>Casino Sogecoa (Chibuto)<\/li><\/ol>\t\t\t\t\t\t\t\t<\/div>\n\t\t\t\t<\/div>\n\t\t\t\t\t<\/div>\n\t\t<\/div>\n\t\t\t\t\t<\/div>\n\t\t<\/section>\n\t\t\t\t<\/div>\n\t\t","protected":false},"excerpt":{"rendered":"<p>In\u00edcio Regime Jur\u00eddico Regulamentos , Instru\u00e7\u00f5es e Orienta\u00e7\u00f5es Jogos e Apostas Regulamentados Entidades licenciadas Entidades em Explora\u00e7\u00e3o Casino Polana (Maputo) Casino Marina (Maputo) Casino Nautilus (Matola) Casino Nautilus (Nampula) Casino Marina (Pemba) Casino Marina (Beira) Casino Marina Slots (Beira) Casino New Macau (Tete) Em processo de licenciamento Casino New Macau (Nampula)\u00a0 Huaxing Casino (Nacala) Casino&hellip;<\/p>\n","protected":false},"author":1,"featured_media":0,"parent":0,"menu_order":0,"comment_status":"closed","ping_status":"closed","template":"","meta":{"footnotes":""},"class_list":["post-55","page","type-page","status-publish","hentry"],"yoast_head":"<!-- This site is optimized with the Yoast SEO plugin v27.2 - https:\/\/yoast.com\/product\/yoast-seo-wordpress\/ -->\n<title>Entidades Licenciadas -<\/title>\n<meta name=\"robots\" content=\"index, follow, max-snippet:-1, max-image-preview:large, max-video-preview:-1\" \/>\n<link rel=\"canonical\" href=\"https:\/\/igj.co.mz\/?page_id=55\" \/>\n<meta property=\"og:locale\" content=\"pt_PT\" \/>\n<meta property=\"og:type\" content=\"article\" \/>\n<meta property=\"og:title\" content=\"Entidades Licenciadas -\" \/>\n<meta property=\"og:description\" content=\"In\u00edcio Regime Jur\u00eddico Regulamentos , Instru\u00e7\u00f5es e Orienta\u00e7\u00f5es Jogos e Apostas Regulamentados Entidades licenciadas Entidades em Explora\u00e7\u00e3o Casino Polana (Maputo) Casino Marina (Maputo) Casino Nautilus (Matola) Casino Nautilus (Nampula) Casino Marina (Pemba) Casino Marina (Beira) Casino Marina Slots (Beira) Casino New Macau (Tete) Em processo de licenciamento Casino New Macau (Nampula)\u00a0 Huaxing Casino (Nacala) Casino&hellip;\" \/>\n<meta property=\"og:url\" content=\"https:\/\/igj.co.mz\/?page_id=55\" \/>\n<meta property=\"article:modified_time\" content=\"2025-11-30T12:10:55+00:00\" \/>\n<meta name=\"twitter:card\" content=\"summary_large_image\" \/>\n<meta name=\"twitter:label1\" content=\"Tempo estimado de leitura\" \/>\n\t<meta name=\"twitter:data1\" content=\"1 minuto\" \/>\n<script type=\"application\/ld+json\" class=\"yoast-schema-graph\">{\"@context\":\"https:\/\/schema.org\",\"@graph\":[{\"@type\":\"WebPage\",\"@id\":\"https:\/\/igj.co.mz\/?page_id=55\",\"url\":\"https:\/\/igj.co.mz\/?page_id=55\",\"name\":\"Entidades Licenciadas -\",\"isPartOf\":{\"@id\":\"https:\/\/igj.co.mz\/#website\"},\"datePublished\":\"2020-03-17T07:56:19+00:00\",\"dateModified\":\"2025-11-30T12:10:55+00:00\",\"breadcrumb\":{\"@id\":\"https:\/\/igj.co.mz\/?page_id=55#breadcrumb\"},\"inLanguage\":\"pt-PT\",\"potentialAction\":[{\"@type\":\"ReadAction\",\"target\":[\"https:\/\/igj.co.mz\/?page_id=55\"]}]},{\"@type\":\"BreadcrumbList\",\"@id\":\"https:\/\/igj.co.mz\/?page_id=55#breadcrumb\",\"itemListElement\":[{\"@type\":\"ListItem\",\"position\":1,\"name\":\"In\u00edcio\",\"item\":\"https:\/\/igj.co.mz\/\"},{\"@type\":\"ListItem\",\"position\":2,\"name\":\"Entidades Licenciadas\"}]},{\"@type\":\"WebSite\",\"@id\":\"https:\/\/igj.co.mz\/#website\",\"url\":\"https:\/\/igj.co.mz\/\",\"name\":\"\",\"description\":\"\",\"potentialAction\":[{\"@type\":\"SearchAction\",\"target\":{\"@type\":\"EntryPoint\",\"urlTemplate\":\"https:\/\/igj.co.mz\/?s={search_term_string}\"},\"query-input\":{\"@type\":\"PropertyValueSpecification\",\"valueRequired\":true,\"valueName\":\"search_term_string\"}}],\"inLanguage\":\"pt-PT\"}]}<\/script>\n<!-- \/ Yoast SEO plugin. -->","yoast_head_json":{"title":"Entidades Licenciadas -","robots":{"index":"index","follow":"follow","max-snippet":"max-snippet:-1","max-image-preview":"max-image-preview:large","max-video-preview":"max-video-preview:-1"},"canonical":"https:\/\/igj.co.mz\/?page_id=55","og_locale":"pt_PT","og_type":"article","og_title":"Entidades Licenciadas -","og_description":"In\u00edcio Regime Jur\u00eddico Regulamentos , Instru\u00e7\u00f5es e Orienta\u00e7\u00f5es Jogos e Apostas Regulamentados Entidades licenciadas Entidades em Explora\u00e7\u00e3o Casino Polana (Maputo) Casino Marina (Maputo) Casino Nautilus (Matola) Casino Nautilus (Nampula) Casino Marina (Pemba) Casino Marina (Beira) Casino Marina Slots (Beira) Casino New Macau (Tete) Em processo de licenciamento Casino New Macau (Nampula)\u00a0 Huaxing Casino (Nacala) Casino&hellip;","og_url":"https:\/\/igj.co.mz\/?page_id=55","article_modified_time":"2025-11-30T12:10:55+00:00","twitter_card":"summary_large_image","twitter_misc":{"Tempo estimado de leitura":"1 minuto"},"schema":{"@context":"https:\/\/schema.org","@graph":[{"@type":"WebPage","@id":"https:\/\/igj.co.mz\/?page_id=55","url":"https:\/\/igj.co.mz\/?page_id=55","name":"Entidades Licenciadas -","isPartOf":{"@id":"https:\/\/igj.co.mz\/#website"},"datePublished":"2020-03-17T07:56:19+00:00","dateModified":"2025-11-30T12:10:55+00:00","breadcrumb":{"@id":"https:\/\/igj.co.mz\/?page_id=55#breadcrumb"},"inLanguage":"pt-PT","potentialAction":[{"@type":"ReadAction","target":["https:\/\/igj.co.mz\/?page_id=55"]}]},{"@type":"BreadcrumbList","@id":"https:\/\/igj.co.mz\/?page_id=55#breadcrumb","itemListElement":[{"@type":"ListItem","position":1,"name":"In\u00edcio","item":"https:\/\/igj.co.mz\/"},{"@type":"ListItem","position":2,"name":"Entidades Licenciadas"}]},{"@type":"WebSite","@id":"https:\/\/igj.co.mz\/#website","url":"https:\/\/igj.co.mz\/","name":"","description":"","potentialAction":[{"@type":"SearchAction","target":{"@type":"EntryPoint","urlTemplate":"https:\/\/igj.co.mz\/?s={search_term_string}"},"query-input":{"@type":"PropertyValueSpecification","valueRequired":true,"valueName":"search_term_string"}}],"inLanguage":"pt-PT"}]}},"_links":{"self":[{"href":"https:\/\/igj.co.mz\/index.php?rest_route=\/wp\/v2\/pages\/55","targetHints":{"allow":["GET"]}}],"collection":[{"href":"https:\/\/igj.co.mz\/index.php?rest_route=\/wp\/v2\/pages"}],"about":[{"href":"https:\/\/igj.co.mz\/index.php?rest_route=\/wp\/v2\/types\/page"}],"author":[{"embeddable":true,"href":"https:\/\/igj.co.mz\/index.php?rest_route=\/wp\/v2\/users\/1"}],"replies":[{"embeddable":true,"href":"https:\/\/igj.co.mz\/index.php?rest_route=%2Fwp%2Fv2%2Fcomments&post=55"}],"version-history":[{"count":3,"href":"https:\/\/igj.co.mz\/index.php?rest_route=\/wp\/v2\/pages\/55\/revisions"}],"predecessor-version":[{"id":2550,"href":"https:\/\/igj.co.mz\/index.php?rest_route=\/wp\/v2\/pages\/55\/revisions\/2550"}],"wp:attachment":[{"href":"https:\/\/igj.co.mz\/index.php?rest_route=%2Fwp%2Fv2%2Fmedia&parent=55"}],"curies":[{"name":"wp","href":"https:\/\/api.w.org\/{rel}","templated":true}]}}