{"id":2571,"date":"2026-03-30T12:00:54","date_gmt":"2026-03-30T12:00:54","guid":{"rendered":"https:\/\/igj.co.mz\/?page_id=2571"},"modified":"2026-03-30T12:08:53","modified_gmt":"2026-03-30T12:08:53","slug":"segundo-semestre-2025","status":"publish","type":"page","link":"https:\/\/igj.co.mz\/?page_id=2571","title":{"rendered":"Segundo Semestre 2025"},"content":{"rendered":"\t\t<div data-elementor-type=\"wp-page\" data-elementor-id=\"2571\" class=\"elementor elementor-2571\">\n\t\t\t\t\t\t<section class=\"elementor-section elementor-top-section elementor-element elementor-element-05a7a1b elementor-section-full_width elementor-section-stretched elementor-section-height-default elementor-section-height-default\" data-id=\"05a7a1b\" data-element_type=\"section\" data-e-type=\"section\" data-settings=\"{&quot;stretch_section&quot;:&quot;section-stretched&quot;}\">\n\t\t\t\t\t\t<div class=\"elementor-container elementor-column-gap-default\">\n\t\t\t\t\t<div class=\"elementor-column elementor-col-33 elementor-top-column elementor-element elementor-element-52bc634\" data-id=\"52bc634\" data-element_type=\"column\" data-e-type=\"column\">\n\t\t\t<div class=\"elementor-widget-wrap elementor-element-populated\">\n\t\t\t\t\t\t<div class=\"elementor-element elementor-element-605730a elementor-position-inline-start elementor-view-default elementor-mobile-position-block-start elementor-widget elementor-widget-icon-box\" data-id=\"605730a\" data-element_type=\"widget\" data-e-type=\"widget\" data-widget_type=\"icon-box.default\">\n\t\t\t\t<div class=\"elementor-widget-container\">\n\t\t\t\t\t\t\t<div class=\"elementor-icon-box-wrapper\">\n\n\t\t\t\t\t\t<div class=\"elementor-icon-box-icon\">\n\t\t\t\t<a href=\"http:\/\/igj.co.mz\/\" class=\"elementor-icon\" tabindex=\"-1\" aria-label=\"In\u00edcio\">\n\t\t\t\t<i aria-hidden=\"true\" class=\"fas fa-house-damage\"><\/i>\t\t\t\t<\/a>\n\t\t\t<\/div>\n\t\t\t\n\t\t\t\t\t\t<div class=\"elementor-icon-box-content\">\n\n\t\t\t\t\t\t\t\t\t<h3 class=\"elementor-icon-box-title\">\n\t\t\t\t\t\t<a href=\"http:\/\/igj.co.mz\/\" >\n\t\t\t\t\t\t\tIn\u00edcio\t\t\t\t\t\t<\/a>\n\t\t\t\t\t<\/h3>\n\t\t\t\t\n\t\t\t\t\n\t\t\t<\/div>\n\t\t\t\n\t\t<\/div>\n\t\t\t\t\t\t<\/div>\n\t\t\t\t<\/div>\n\t\t\t\t<div class=\"elementor-element elementor-element-0ba50c0 elementor-position-inline-start elementor-view-default elementor-mobile-position-block-start elementor-widget elementor-widget-icon-box\" data-id=\"0ba50c0\" data-element_type=\"widget\" data-e-type=\"widget\" data-widget_type=\"icon-box.default\">\n\t\t\t\t<div class=\"elementor-widget-container\">\n\t\t\t\t\t\t\t<div class=\"elementor-icon-box-wrapper\">\n\n\t\t\t\t\t\t<div class=\"elementor-icon-box-icon\">\n\t\t\t\t<a href=\"http:\/\/igj.co.mz\/?page_id=108\" class=\"elementor-icon\" tabindex=\"-1\" aria-label=\"Not\u00edcias\">\n\t\t\t\t<i aria-hidden=\"true\" class=\"fas fa-newspaper\"><\/i>\t\t\t\t<\/a>\n\t\t\t<\/div>\n\t\t\t\n\t\t\t\t\t\t<div class=\"elementor-icon-box-content\">\n\n\t\t\t\t\t\t\t\t\t<h3 class=\"elementor-icon-box-title\">\n\t\t\t\t\t\t<a href=\"http:\/\/igj.co.mz\/?page_id=108\" >\n\t\t\t\t\t\t\tNot\u00edcias\t\t\t\t\t\t<\/a>\n\t\t\t\t\t<\/h3>\n\t\t\t\t\n\t\t\t\t\n\t\t\t<\/div>\n\t\t\t\n\t\t<\/div>\n\t\t\t\t\t\t<\/div>\n\t\t\t\t<\/div>\n\t\t\t\t<div class=\"elementor-element elementor-element-5a22236 elementor-position-inline-start elementor-view-default elementor-mobile-position-block-start elementor-widget elementor-widget-icon-box\" data-id=\"5a22236\" data-element_type=\"widget\" data-e-type=\"widget\" data-widget_type=\"icon-box.default\">\n\t\t\t\t<div class=\"elementor-widget-container\">\n\t\t\t\t\t\t\t<div class=\"elementor-icon-box-wrapper\">\n\n\t\t\t\t\t\t<div class=\"elementor-icon-box-icon\">\n\t\t\t\t<a href=\"http:\/\/igj.co.mz\/?page_id=298\" class=\"elementor-icon\" tabindex=\"-1\" aria-label=\"Documentos\">\n\t\t\t\t<i aria-hidden=\"true\" class=\"far fa-window-restore\"><\/i>\t\t\t\t<\/a>\n\t\t\t<\/div>\n\t\t\t\n\t\t\t\t\t\t<div class=\"elementor-icon-box-content\">\n\n\t\t\t\t\t\t\t\t\t<h3 class=\"elementor-icon-box-title\">\n\t\t\t\t\t\t<a href=\"http:\/\/igj.co.mz\/?page_id=298\" >\n\t\t\t\t\t\t\tDocumentos\t\t\t\t\t\t<\/a>\n\t\t\t\t\t<\/h3>\n\t\t\t\t\n\t\t\t\t\n\t\t\t<\/div>\n\t\t\t\n\t\t<\/div>\n\t\t\t\t\t\t<\/div>\n\t\t\t\t<\/div>\n\t\t\t\t<div class=\"elementor-element elementor-element-13bae88 elementor-position-inline-start elementor-view-default elementor-mobile-position-block-start elementor-widget elementor-widget-icon-box\" data-id=\"13bae88\" data-element_type=\"widget\" data-e-type=\"widget\" data-widget_type=\"icon-box.default\">\n\t\t\t\t<div class=\"elementor-widget-container\">\n\t\t\t\t\t\t\t<div class=\"elementor-icon-box-wrapper\">\n\n\t\t\t\t\t\t<div class=\"elementor-icon-box-icon\">\n\t\t\t\t<a href=\"http:\/\/igj.co.mz\/?page_id=300\" class=\"elementor-icon\" tabindex=\"-1\" aria-label=\"Informa\u00e7\u00f5es\">\n\t\t\t\t<i aria-hidden=\"true\" class=\"fas fa-info-circle\"><\/i>\t\t\t\t<\/a>\n\t\t\t<\/div>\n\t\t\t\n\t\t\t\t\t\t<div class=\"elementor-icon-box-content\">\n\n\t\t\t\t\t\t\t\t\t<h3 class=\"elementor-icon-box-title\">\n\t\t\t\t\t\t<a href=\"http:\/\/igj.co.mz\/?page_id=300\" >\n\t\t\t\t\t\t\tInforma\u00e7\u00f5es\t\t\t\t\t\t<\/a>\n\t\t\t\t\t<\/h3>\n\t\t\t\t\n\t\t\t\t\n\t\t\t<\/div>\n\t\t\t\n\t\t<\/div>\n\t\t\t\t\t\t<\/div>\n\t\t\t\t<\/div>\n\t\t\t\t<div class=\"elementor-element elementor-element-622a027 elementor-position-inline-start elementor-view-default elementor-mobile-position-block-start elementor-widget elementor-widget-icon-box\" data-id=\"622a027\" data-element_type=\"widget\" data-e-type=\"widget\" data-widget_type=\"icon-box.default\">\n\t\t\t\t<div class=\"elementor-widget-container\">\n\t\t\t\t\t\t\t<div class=\"elementor-icon-box-wrapper\">\n\n\t\t\t\t\t\t<div class=\"elementor-icon-box-icon\">\n\t\t\t\t<a href=\"http:\/\/igj.co.mz\/?page_id=234\" class=\"elementor-icon\" tabindex=\"-1\" aria-label=\"Links \u00fateis\">\n\t\t\t\t<i aria-hidden=\"true\" class=\"fas fa-link\"><\/i>\t\t\t\t<\/a>\n\t\t\t<\/div>\n\t\t\t\n\t\t\t\t\t\t<div class=\"elementor-icon-box-content\">\n\n\t\t\t\t\t\t\t\t\t<h3 class=\"elementor-icon-box-title\">\n\t\t\t\t\t\t<a href=\"http:\/\/igj.co.mz\/?page_id=234\" >\n\t\t\t\t\t\t\tLinks \u00fateis\t\t\t\t\t\t<\/a>\n\t\t\t\t\t<\/h3>\n\t\t\t\t\n\t\t\t\t\n\t\t\t<\/div>\n\t\t\t\n\t\t<\/div>\n\t\t\t\t\t\t<\/div>\n\t\t\t\t<\/div>\n\t\t\t\t\t<\/div>\n\t\t<\/div>\n\t\t\t\t<div class=\"elementor-column elementor-col-66 elementor-top-column elementor-element elementor-element-112b7f7\" data-id=\"112b7f7\" data-element_type=\"column\" data-e-type=\"column\">\n\t\t\t<div class=\"elementor-widget-wrap elementor-element-populated\">\n\t\t\t\t\t\t<div class=\"elementor-element elementor-element-0d36a98 elementor-widget elementor-widget-heading\" data-id=\"0d36a98\" data-element_type=\"widget\" data-e-type=\"widget\" data-widget_type=\"heading.default\">\n\t\t\t\t<div class=\"elementor-widget-container\">\n\t\t\t\t\t<h2 class=\"elementor-heading-title elementor-size-default\">Segundo Semestre 2025<\/h2>\t\t\t\t<\/div>\n\t\t\t\t<\/div>\n\t\t\t\t<section class=\"elementor-section elementor-inner-section elementor-element elementor-element-3f757d1 elementor-section-boxed elementor-section-height-default elementor-section-height-default\" data-id=\"3f757d1\" data-element_type=\"section\" data-e-type=\"section\">\n\t\t\t\t\t\t<div class=\"elementor-container elementor-column-gap-default\">\n\t\t\t\t\t<div class=\"elementor-column elementor-col-100 elementor-inner-column elementor-element elementor-element-112ae8a\" data-id=\"112ae8a\" data-element_type=\"column\" data-e-type=\"column\">\n\t\t\t<div class=\"elementor-widget-wrap elementor-element-populated\">\n\t\t\t\t\t\t<div class=\"elementor-element elementor-element-cae2c07 elementor-widget elementor-widget-text-editor\" data-id=\"cae2c07\" data-element_type=\"widget\" data-e-type=\"widget\" data-widget_type=\"text-editor.default\">\n\t\t\t\t<div class=\"elementor-widget-container\">\n\t\t\t\t\t\t\t\t\t<!DOCTYPE html>\n<html lang=\"pt\">\n<head>\n    <meta charset=\"UTF-8\">\n    <title>Relat\u00f3rio IGJ<\/title>\n    <style>\n        body { font-family: Arial, sans-serif; }\n        h2 { margin-top: 30px; }\n        table {\n            border-collapse: collapse;\n            width: 100%;\n            margin-bottom: 30px;\n        }\n        th, td {\n            border: 1px solid #000;\n            padding: 8px;\n            text-align: center;\n        }\n        th {\n            background-color: #f2f2f2;\n        }\n    <\/style>\n<\/head>\n<body>\n\n<h2>Trabalhadores na \u00e1rea do jogo<\/h2>\n\n<table>\n    <thead>\n        <tr>\n            <th><\/th>\n            <th>Trabalhadores<\/th>\n            <th>Homens<\/th>\n            <th>%<\/th>\n            <th>Mulheres<\/th>\n            <th>%<\/th>\n            <th>Estrangeiros<\/th>\n            <th>%<\/th>\n            <th>Mo\u00e7ambicanos<\/th>\n            <th>Supervis\u00e3o<\/th>\n            <th>Desvinculados<\/th>\n        <\/tr>\n    <\/thead>\n    <tbody>\n        <tr>\n            <td>Casinos<\/td>\n            <td>871<\/td>\n            <td>541<\/td>\n            <td>62%<\/td>\n            <td>333<\/td>\n            <td>38%<\/td>\n            <td>84<\/td>\n            <td>9.6%<\/td>\n            <td>787<\/td>\n            <td>113<\/td>\n            <td>34<\/td>\n        <\/tr>\n        <tr>\n            <td>Sociais<\/td>\n            <td>380<\/td>\n            <td>215<\/td>\n            <td>57%<\/td>\n            <td>164<\/td>\n            <td>43%<\/td>\n            <td>9<\/td>\n            <td>2.3%<\/td>\n            <td>371<\/td>\n            <td>71<\/td>\n            <td>38<\/td>\n        <\/tr>\n        <tr>\n            <td><strong>Total<\/strong><\/td>\n            <td>1251<\/td>\n            <td>786<\/td>\n            <td>62%<\/td>\n            <td>497<\/td>\n            <td>39%<\/td>\n            <td>93<\/td>\n            <td>7.4%<\/td>\n            <td>1158<\/td>\n            <td>184<\/td>\n            <td>72<\/td>\n        <\/tr>\n    <\/tbody>\n<\/table>\n\n<h2>Peti\u00e7\u00f5es tramitadas na IGJ no Segundo Semestre de 2025<\/h2>\n\n<table>\n    <thead>\n        <tr>\n            <th>Tipo ou Natureza<\/th>\n            <th>Transitadas do Semestre Anterior (A)<\/th>\n            <th>Recebidas no Semestre (B)<\/th>\n            <th>Total (C)<\/th>\n            <th>Conclu\u00eddas (D)<\/th>\n            <th>Em Tramita\u00e7\u00e3o (E)<\/th>\n            <th>% (F)<\/th>\n        <\/tr>\n    <\/thead>\n    <tbody>\n        <tr>\n            <td>Peti\u00e7\u00f5es<\/td>\n            <td>3<\/td>\n            <td>503<\/td>\n            <td>506<\/td>\n            <td>505<\/td>\n            <td>1<\/td>\n            <td>99,80%<\/td>\n        <\/tr>\n        <tr>\n            <td>Queixa<\/td>\n            <td>2<\/td>\n            <td>11<\/td>\n            <td>13<\/td>\n            <td>13<\/td>\n            <td>0<\/td>\n            <td>100%<\/td>\n        <\/tr>\n        <tr>\n            <td>Reclama\u00e7\u00e3o<\/td>\n            <td>0<\/td>\n            <td>13<\/td>\n            <td>13<\/td>\n            <td>13<\/td>\n            <td>0<\/td>\n            <td>100%<\/td>\n        <\/tr>\n        <tr>\n            <td><strong>Total<\/strong><\/td>\n            <td>5<\/td>\n            <td>527<\/td>\n            <td>532<\/td>\n            <td>531<\/td>\n            <td>1<\/td>\n            <td>99,81%<\/td>\n        <\/tr>\n    <\/tbody>\n<\/table>\n\n<\/body>\n<\/html>\t\t\t\t\t\t\t\t<\/div>\n\t\t\t\t<\/div>\n\t\t\t\t\t<\/div>\n\t\t<\/div>\n\t\t\t\t\t<\/div>\n\t\t<\/section>\n\t\t\t\t\t<\/div>\n\t\t<\/div>\n\t\t\t\t\t<\/div>\n\t\t<\/section>\n\t\t\t\t<\/div>\n\t\t","protected":false},"excerpt":{"rendered":"<p>In\u00edcio Not\u00edcias Documentos Informa\u00e7\u00f5es Links \u00fateis Segundo Semestre 2025 Relat\u00f3rio IGJ Trabalhadores na \u00e1rea do jogo Trabalhadores Homens % Mulheres % Estrangeiros % Mo\u00e7ambicanos Supervis\u00e3o Desvinculados Casinos 871 541 62% 333 38% 84 9.6% 787 113 34 Sociais 380 215 57% 164 43% 9 2.3% 371 71 38 Total 1251 786 62% 497 39% 93&hellip;<\/p>\n","protected":false},"author":46,"featured_media":0,"parent":0,"menu_order":0,"comment_status":"closed","ping_status":"closed","template":"","meta":{"footnotes":""},"class_list":["post-2571","page","type-page","status-publish","hentry"],"yoast_head":"<!-- This site is optimized with the Yoast SEO plugin v27.2 - https:\/\/yoast.com\/product\/yoast-seo-wordpress\/ -->\n<title>Segundo Semestre 2025 -<\/title>\n<meta name=\"robots\" content=\"index, follow, max-snippet:-1, max-image-preview:large, max-video-preview:-1\" \/>\n<link rel=\"canonical\" href=\"https:\/\/igj.co.mz\/?page_id=2571\" \/>\n<meta property=\"og:locale\" content=\"pt_PT\" \/>\n<meta property=\"og:type\" content=\"article\" \/>\n<meta property=\"og:title\" content=\"Segundo Semestre 2025 -\" \/>\n<meta property=\"og:description\" content=\"In\u00edcio Not\u00edcias Documentos Informa\u00e7\u00f5es Links \u00fateis Segundo Semestre 2025 Relat\u00f3rio IGJ Trabalhadores na \u00e1rea do jogo Trabalhadores Homens % Mulheres % Estrangeiros % Mo\u00e7ambicanos Supervis\u00e3o Desvinculados Casinos 871 541 62% 333 38% 84 9.6% 787 113 34 Sociais 380 215 57% 164 43% 9 2.3% 371 71 38 Total 1251 786 62% 497 39% 93&hellip;\" \/>\n<meta property=\"og:url\" content=\"https:\/\/igj.co.mz\/?page_id=2571\" \/>\n<meta property=\"article:modified_time\" content=\"2026-03-30T12:08:53+00:00\" \/>\n<meta name=\"twitter:card\" content=\"summary_large_image\" \/>\n<meta name=\"twitter:label1\" content=\"Tempo estimado de leitura\" \/>\n\t<meta name=\"twitter:data1\" content=\"1 minuto\" \/>\n<script type=\"application\/ld+json\" class=\"yoast-schema-graph\">{\"@context\":\"https:\/\/schema.org\",\"@graph\":[{\"@type\":\"WebPage\",\"@id\":\"https:\/\/igj.co.mz\/?page_id=2571\",\"url\":\"https:\/\/igj.co.mz\/?page_id=2571\",\"name\":\"Segundo Semestre 2025 -\",\"isPartOf\":{\"@id\":\"https:\/\/igj.co.mz\/#website\"},\"datePublished\":\"2026-03-30T12:00:54+00:00\",\"dateModified\":\"2026-03-30T12:08:53+00:00\",\"breadcrumb\":{\"@id\":\"https:\/\/igj.co.mz\/?page_id=2571#breadcrumb\"},\"inLanguage\":\"pt-PT\",\"potentialAction\":[{\"@type\":\"ReadAction\",\"target\":[\"https:\/\/igj.co.mz\/?page_id=2571\"]}]},{\"@type\":\"BreadcrumbList\",\"@id\":\"https:\/\/igj.co.mz\/?page_id=2571#breadcrumb\",\"itemListElement\":[{\"@type\":\"ListItem\",\"position\":1,\"name\":\"In\u00edcio\",\"item\":\"https:\/\/igj.co.mz\/\"},{\"@type\":\"ListItem\",\"position\":2,\"name\":\"Segundo Semestre 2025\"}]},{\"@type\":\"WebSite\",\"@id\":\"https:\/\/igj.co.mz\/#website\",\"url\":\"https:\/\/igj.co.mz\/\",\"name\":\"\",\"description\":\"\",\"potentialAction\":[{\"@type\":\"SearchAction\",\"target\":{\"@type\":\"EntryPoint\",\"urlTemplate\":\"https:\/\/igj.co.mz\/?s={search_term_string}\"},\"query-input\":{\"@type\":\"PropertyValueSpecification\",\"valueRequired\":true,\"valueName\":\"search_term_string\"}}],\"inLanguage\":\"pt-PT\"}]}<\/script>\n<!-- \/ Yoast SEO plugin. -->","yoast_head_json":{"title":"Segundo Semestre 2025 -","robots":{"index":"index","follow":"follow","max-snippet":"max-snippet:-1","max-image-preview":"max-image-preview:large","max-video-preview":"max-video-preview:-1"},"canonical":"https:\/\/igj.co.mz\/?page_id=2571","og_locale":"pt_PT","og_type":"article","og_title":"Segundo Semestre 2025 -","og_description":"In\u00edcio Not\u00edcias Documentos Informa\u00e7\u00f5es Links \u00fateis Segundo Semestre 2025 Relat\u00f3rio IGJ Trabalhadores na \u00e1rea do jogo Trabalhadores Homens % Mulheres % Estrangeiros % Mo\u00e7ambicanos Supervis\u00e3o Desvinculados Casinos 871 541 62% 333 38% 84 9.6% 787 113 34 Sociais 380 215 57% 164 43% 9 2.3% 371 71 38 Total 1251 786 62% 497 39% 93&hellip;","og_url":"https:\/\/igj.co.mz\/?page_id=2571","article_modified_time":"2026-03-30T12:08:53+00:00","twitter_card":"summary_large_image","twitter_misc":{"Tempo estimado de leitura":"1 minuto"},"schema":{"@context":"https:\/\/schema.org","@graph":[{"@type":"WebPage","@id":"https:\/\/igj.co.mz\/?page_id=2571","url":"https:\/\/igj.co.mz\/?page_id=2571","name":"Segundo Semestre 2025 -","isPartOf":{"@id":"https:\/\/igj.co.mz\/#website"},"datePublished":"2026-03-30T12:00:54+00:00","dateModified":"2026-03-30T12:08:53+00:00","breadcrumb":{"@id":"https:\/\/igj.co.mz\/?page_id=2571#breadcrumb"},"inLanguage":"pt-PT","potentialAction":[{"@type":"ReadAction","target":["https:\/\/igj.co.mz\/?page_id=2571"]}]},{"@type":"BreadcrumbList","@id":"https:\/\/igj.co.mz\/?page_id=2571#breadcrumb","itemListElement":[{"@type":"ListItem","position":1,"name":"In\u00edcio","item":"https:\/\/igj.co.mz\/"},{"@type":"ListItem","position":2,"name":"Segundo Semestre 2025"}]},{"@type":"WebSite","@id":"https:\/\/igj.co.mz\/#website","url":"https:\/\/igj.co.mz\/","name":"","description":"","potentialAction":[{"@type":"SearchAction","target":{"@type":"EntryPoint","urlTemplate":"https:\/\/igj.co.mz\/?s={search_term_string}"},"query-input":{"@type":"PropertyValueSpecification","valueRequired":true,"valueName":"search_term_string"}}],"inLanguage":"pt-PT"}]}},"_links":{"self":[{"href":"https:\/\/igj.co.mz\/index.php?rest_route=\/wp\/v2\/pages\/2571","targetHints":{"allow":["GET"]}}],"collection":[{"href":"https:\/\/igj.co.mz\/index.php?rest_route=\/wp\/v2\/pages"}],"about":[{"href":"https:\/\/igj.co.mz\/index.php?rest_route=\/wp\/v2\/types\/page"}],"author":[{"embeddable":true,"href":"https:\/\/igj.co.mz\/index.php?rest_route=\/wp\/v2\/users\/46"}],"replies":[{"embeddable":true,"href":"https:\/\/igj.co.mz\/index.php?rest_route=%2Fwp%2Fv2%2Fcomments&post=2571"}],"version-history":[{"count":4,"href":"https:\/\/igj.co.mz\/index.php?rest_route=\/wp\/v2\/pages\/2571\/revisions"}],"predecessor-version":[{"id":2576,"href":"https:\/\/igj.co.mz\/index.php?rest_route=\/wp\/v2\/pages\/2571\/revisions\/2576"}],"wp:attachment":[{"href":"https:\/\/igj.co.mz\/index.php?rest_route=%2Fwp%2Fv2%2Fmedia&parent=2571"}],"curies":[{"name":"wp","href":"https:\/\/api.w.org\/{rel}","templated":true}]}}