{"id":2496,"date":"2025-10-27T05:54:15","date_gmt":"2025-10-27T05:54:15","guid":{"rendered":"https:\/\/igj.co.mz\/?page_id=2496"},"modified":"2025-10-27T12:16:41","modified_gmt":"2025-10-27T12:16:41","slug":"noticias-2","status":"publish","type":"page","link":"https:\/\/igj.co.mz\/?page_id=2496","title":{"rendered":"Not\u00edcias"},"content":{"rendered":"\t\t<div data-elementor-type=\"wp-page\" data-elementor-id=\"2496\" class=\"elementor elementor-2496\">\n\t\t\t\t\t\t<section class=\"elementor-section elementor-top-section elementor-element elementor-element-f04bf6b elementor-section-boxed elementor-section-height-default elementor-section-height-default\" data-id=\"f04bf6b\" data-element_type=\"section\" data-e-type=\"section\">\n\t\t\t\t\t\t<div class=\"elementor-container elementor-column-gap-default\">\n\t\t\t\t\t<div class=\"elementor-column elementor-col-33 elementor-top-column elementor-element elementor-element-bde44a0\" data-id=\"bde44a0\" data-element_type=\"column\" data-e-type=\"column\">\n\t\t\t<div class=\"elementor-widget-wrap elementor-element-populated\">\n\t\t\t\t\t\t<div class=\"elementor-element elementor-element-f8b38c1 elementor-position-inline-start elementor-view-default elementor-mobile-position-block-start elementor-widget elementor-widget-icon-box\" data-id=\"f8b38c1\" data-element_type=\"widget\" data-e-type=\"widget\" data-widget_type=\"icon-box.default\">\n\t\t\t\t<div class=\"elementor-widget-container\">\n\t\t\t\t\t\t\t<div class=\"elementor-icon-box-wrapper\">\n\n\t\t\t\t\t\t<div class=\"elementor-icon-box-icon\">\n\t\t\t\t<a href=\"http:\/\/igj.co.mz\/\" class=\"elementor-icon\" tabindex=\"-1\" aria-label=\"In\u00edcio\">\n\t\t\t\t<i aria-hidden=\"true\" class=\"fas fa-house-damage\"><\/i>\t\t\t\t<\/a>\n\t\t\t<\/div>\n\t\t\t\n\t\t\t\t\t\t<div class=\"elementor-icon-box-content\">\n\n\t\t\t\t\t\t\t\t\t<h3 class=\"elementor-icon-box-title\">\n\t\t\t\t\t\t<a href=\"http:\/\/igj.co.mz\/\" >\n\t\t\t\t\t\t\tIn\u00edcio\t\t\t\t\t\t<\/a>\n\t\t\t\t\t<\/h3>\n\t\t\t\t\n\t\t\t\t\n\t\t\t<\/div>\n\t\t\t\n\t\t<\/div>\n\t\t\t\t\t\t<\/div>\n\t\t\t\t<\/div>\n\t\t\t\t<div class=\"elementor-element elementor-element-4addd79 elementor-position-inline-start elementor-view-default elementor-mobile-position-block-start elementor-widget elementor-widget-icon-box\" data-id=\"4addd79\" data-element_type=\"widget\" data-e-type=\"widget\" data-widget_type=\"icon-box.default\">\n\t\t\t\t<div class=\"elementor-widget-container\">\n\t\t\t\t\t\t\t<div class=\"elementor-icon-box-wrapper\">\n\n\t\t\t\t\t\t<div class=\"elementor-icon-box-icon\">\n\t\t\t\t<a href=\"http:\/\/igj.co.mz\/?page_id=298\" class=\"elementor-icon\" tabindex=\"-1\" aria-label=\"Documentos\">\n\t\t\t\t<i aria-hidden=\"true\" class=\"far fa-window-restore\"><\/i>\t\t\t\t<\/a>\n\t\t\t<\/div>\n\t\t\t\n\t\t\t\t\t\t<div class=\"elementor-icon-box-content\">\n\n\t\t\t\t\t\t\t\t\t<h3 class=\"elementor-icon-box-title\">\n\t\t\t\t\t\t<a href=\"http:\/\/igj.co.mz\/?page_id=298\" >\n\t\t\t\t\t\t\tDocumentos\t\t\t\t\t\t<\/a>\n\t\t\t\t\t<\/h3>\n\t\t\t\t\n\t\t\t\t\n\t\t\t<\/div>\n\t\t\t\n\t\t<\/div>\n\t\t\t\t\t\t<\/div>\n\t\t\t\t<\/div>\n\t\t\t\t<div class=\"elementor-element elementor-element-0789321 elementor-position-inline-start elementor-view-default elementor-mobile-position-block-start elementor-widget elementor-widget-icon-box\" data-id=\"0789321\" data-element_type=\"widget\" data-e-type=\"widget\" data-widget_type=\"icon-box.default\">\n\t\t\t\t<div class=\"elementor-widget-container\">\n\t\t\t\t\t\t\t<div class=\"elementor-icon-box-wrapper\">\n\n\t\t\t\t\t\t<div class=\"elementor-icon-box-icon\">\n\t\t\t\t<a href=\"http:\/\/igj.co.mz\/?page_id=300\" class=\"elementor-icon\" tabindex=\"-1\" aria-label=\"Informa\u00e7\u00f5es\">\n\t\t\t\t<i aria-hidden=\"true\" class=\"fas fa-info-circle\"><\/i>\t\t\t\t<\/a>\n\t\t\t<\/div>\n\t\t\t\n\t\t\t\t\t\t<div class=\"elementor-icon-box-content\">\n\n\t\t\t\t\t\t\t\t\t<h3 class=\"elementor-icon-box-title\">\n\t\t\t\t\t\t<a href=\"http:\/\/igj.co.mz\/?page_id=300\" >\n\t\t\t\t\t\t\tInforma\u00e7\u00f5es\t\t\t\t\t\t<\/a>\n\t\t\t\t\t<\/h3>\n\t\t\t\t\n\t\t\t\t\n\t\t\t<\/div>\n\t\t\t\n\t\t<\/div>\n\t\t\t\t\t\t<\/div>\n\t\t\t\t<\/div>\n\t\t\t\t<div class=\"elementor-element elementor-element-efe9a8a elementor-position-inline-start elementor-view-default elementor-mobile-position-block-start elementor-widget elementor-widget-icon-box\" data-id=\"efe9a8a\" data-element_type=\"widget\" data-e-type=\"widget\" data-widget_type=\"icon-box.default\">\n\t\t\t\t<div class=\"elementor-widget-container\">\n\t\t\t\t\t\t\t<div class=\"elementor-icon-box-wrapper\">\n\n\t\t\t\t\t\t<div class=\"elementor-icon-box-icon\">\n\t\t\t\t<a href=\"http:\/\/igj.co.mz\/?page_id=234\" class=\"elementor-icon\" tabindex=\"-1\" aria-label=\"Links \u00fateis\">\n\t\t\t\t<i aria-hidden=\"true\" class=\"fas fa-link\"><\/i>\t\t\t\t<\/a>\n\t\t\t<\/div>\n\t\t\t\n\t\t\t\t\t\t<div class=\"elementor-icon-box-content\">\n\n\t\t\t\t\t\t\t\t\t<h3 class=\"elementor-icon-box-title\">\n\t\t\t\t\t\t<a href=\"http:\/\/igj.co.mz\/?page_id=234\" >\n\t\t\t\t\t\t\tLinks \u00fateis\t\t\t\t\t\t<\/a>\n\t\t\t\t\t<\/h3>\n\t\t\t\t\n\t\t\t\t\n\t\t\t<\/div>\n\t\t\t\n\t\t<\/div>\n\t\t\t\t\t\t<\/div>\n\t\t\t\t<\/div>\n\t\t\t\t\t<\/div>\n\t\t<\/div>\n\t\t\t\t<div class=\"elementor-column elementor-col-66 elementor-top-column elementor-element elementor-element-f7a8db5\" data-id=\"f7a8db5\" data-element_type=\"column\" data-e-type=\"column\">\n\t\t\t<div class=\"elementor-widget-wrap elementor-element-populated\">\n\t\t\t\t\t\t<div class=\"elementor-element elementor-element-091a846 elementor-position-inline-start elementor-view-default elementor-mobile-position-block-start elementor-widget elementor-widget-icon-box\" data-id=\"091a846\" data-element_type=\"widget\" data-e-type=\"widget\" data-widget_type=\"icon-box.default\">\n\t\t\t\t<div class=\"elementor-widget-container\">\n\t\t\t\t\t\t\t<div class=\"elementor-icon-box-wrapper\">\n\n\t\t\t\t\t\t<div class=\"elementor-icon-box-icon\">\n\t\t\t\t<a href=\"http:\/\/www.igj.co.mz\/wp-content\/uploads\/2025\/10\/IGJ-CONTRATA-EMPRESA-INTERNACIONAL-PARA-IMPLEMENTA\u00c7\u00c3O-DE-SISTEMA-DE-CONTROLO-DE-JOGOS-ONLINE-2025.pdf?_t=1761565975\" target=\"_blank\" class=\"elementor-icon\" tabindex=\"-1\" aria-label=\"IGJ CONTRATA EMPRESA INTERNACIONAL PARA IMPLEMENTA\u00c7\u00c3O DE SISTEMA DE CONTROLO DE JOGOS ONLINE 2025\">\n\t\t\t\t<i aria-hidden=\"true\" class=\"fas fa-file-pdf\"><\/i>\t\t\t\t<\/a>\n\t\t\t<\/div>\n\t\t\t\n\t\t\t\t\t\t<div class=\"elementor-icon-box-content\">\n\n\t\t\t\t\t\t\t\t\t<h3 class=\"elementor-icon-box-title\">\n\t\t\t\t\t\t<a href=\"http:\/\/www.igj.co.mz\/wp-content\/uploads\/2025\/10\/IGJ-CONTRATA-EMPRESA-INTERNACIONAL-PARA-IMPLEMENTA\u00c7\u00c3O-DE-SISTEMA-DE-CONTROLO-DE-JOGOS-ONLINE-2025.pdf?_t=1761565975\" target=\"_blank\" >\n\t\t\t\t\t\t\tIGJ CONTRATA EMPRESA INTERNACIONAL PARA IMPLEMENTA\u00c7\u00c3O DE SISTEMA DE CONTROLO DE JOGOS ONLINE 2025\t\t\t\t\t\t<\/a>\n\t\t\t\t\t<\/h3>\n\t\t\t\t\n\t\t\t\t\n\t\t\t<\/div>\n\t\t\t\n\t\t<\/div>\n\t\t\t\t\t\t<\/div>\n\t\t\t\t<\/div>\n\t\t\t\t<div class=\"elementor-element elementor-element-c02aa85 elementor-widget elementor-widget-image\" data-id=\"c02aa85\" data-element_type=\"widget\" data-e-type=\"widget\" data-widget_type=\"image.default\">\n\t\t\t\t<div class=\"elementor-widget-container\">\n\t\t\t\t\t\t\t\t\t\t\t\t\t\t\t<img fetchpriority=\"high\" decoding=\"async\" width=\"1280\" height=\"960\" src=\"https:\/\/igj.co.mz\/wp-content\/uploads\/2025\/10\/IMG-20251027-002.jpg\" class=\"attachment-full size-full wp-image-2506\" alt=\"\" srcset=\"https:\/\/igj.co.mz\/wp-content\/uploads\/2025\/10\/IMG-20251027-002.jpg 1280w, https:\/\/igj.co.mz\/wp-content\/uploads\/2025\/10\/IMG-20251027-002-300x225.jpg 300w, https:\/\/igj.co.mz\/wp-content\/uploads\/2025\/10\/IMG-20251027-002-1024x768.jpg 1024w, https:\/\/igj.co.mz\/wp-content\/uploads\/2025\/10\/IMG-20251027-002-768x576.jpg 768w\" sizes=\"(max-width: 1280px) 100vw, 1280px\" \/>\t\t\t\t\t\t\t\t\t\t\t\t\t\t\t<\/div>\n\t\t\t\t<\/div>\n\t\t\t\t<div class=\"elementor-element elementor-element-af617da elementor-widget elementor-widget-text-editor\" data-id=\"af617da\" data-element_type=\"widget\" data-e-type=\"widget\" data-widget_type=\"text-editor.default\">\n\t\t\t\t<div class=\"elementor-widget-container\">\n\t\t\t\t\t\t\t\t\t<p><strong>IGJ CONTRATA EMPRESA INTERNACIONAL PARA IMPLEMENTA\u00c7\u00c3O DE SISTEMA DE CONTROLO DE JOGOS ONLINE<\/strong><\/p><p>A Inspec\u00e7\u00e3o Geral de Jogos (IGJ) informa que foi adjudicado ao cons\u00f3rcio <em>iSolutions s.r.l \u2013 Moz Energy, Lda<\/em> o contrato para o desenvolvimento e implementa\u00e7\u00e3o de um sistema de controlo e monitoria permanente das actividades de <em>jogos sociais online<\/em> em Mo\u00e7ambique.<\/p><p>A contrata\u00e7\u00e3o decorre do concurso p\u00fablico n.\u00ba 2714001541\/SC\/01\/2023 e visa refor\u00e7ar os mecanismos de supervis\u00e3o e regula\u00e7\u00e3o do sector, em conformidade com os princ\u00edpios de legalidade, transpar\u00eancia e prote\u00e7\u00e3o do interesse p\u00fablico.<\/p>\t\t\t\t\t\t\t\t<\/div>\n\t\t\t\t<\/div>\n\t\t\t\t<div class=\"elementor-element elementor-element-414f553 elementor-widget elementor-widget-image-gallery\" data-id=\"414f553\" data-element_type=\"widget\" data-e-type=\"widget\" data-widget_type=\"image-gallery.default\">\n\t\t\t\t<div class=\"elementor-widget-container\">\n\t\t\t\t\t\t\t<div class=\"elementor-image-gallery\">\n\t\t\t<div id='gallery-1' class='gallery galleryid-2496 gallery-columns-3 gallery-size-thumbnail'><figure class='gallery-item'>\n\t\t\t<div class='gallery-icon landscape'>\n\t\t\t\t<a data-elementor-open-lightbox=\"yes\" data-elementor-lightbox-slideshow=\"414f553\" data-elementor-lightbox-title=\"IMG-20251027-001\" data-e-action-hash=\"#elementor-action%3Aaction%3Dlightbox%26settings%3DeyJpZCI6MjUwNSwidXJsIjoiaHR0cHM6XC9cL2lnai5jby5telwvd3AtY29udGVudFwvdXBsb2Fkc1wvMjAyNVwvMTBcL0lNRy0yMDI1MTAyNy0wMDEuanBnIiwic2xpZGVzaG93IjoiNDE0ZjU1MyJ9\" href='https:\/\/igj.co.mz\/wp-content\/uploads\/2025\/10\/IMG-20251027-001.jpg'><img decoding=\"async\" width=\"150\" height=\"150\" src=\"https:\/\/igj.co.mz\/wp-content\/uploads\/2025\/10\/IMG-20251027-001-150x150.jpg\" class=\"attachment-thumbnail size-thumbnail\" alt=\"\" \/><\/a>\n\t\t\t<\/div><\/figure><figure class='gallery-item'>\n\t\t\t<div class='gallery-icon portrait'>\n\t\t\t\t<a data-elementor-open-lightbox=\"yes\" data-elementor-lightbox-slideshow=\"414f553\" data-elementor-lightbox-title=\"IMG-20251027-006\" data-e-action-hash=\"#elementor-action%3Aaction%3Dlightbox%26settings%3DeyJpZCI6MjUxMCwidXJsIjoiaHR0cHM6XC9cL2lnai5jby5telwvd3AtY29udGVudFwvdXBsb2Fkc1wvMjAyNVwvMTBcL0lNRy0yMDI1MTAyNy0wMDYuanBnIiwic2xpZGVzaG93IjoiNDE0ZjU1MyJ9\" href='https:\/\/igj.co.mz\/wp-content\/uploads\/2025\/10\/IMG-20251027-006.jpg'><img decoding=\"async\" width=\"150\" height=\"150\" src=\"https:\/\/igj.co.mz\/wp-content\/uploads\/2025\/10\/IMG-20251027-006-150x150.jpg\" class=\"attachment-thumbnail size-thumbnail\" alt=\"\" \/><\/a>\n\t\t\t<\/div><\/figure><figure class='gallery-item'>\n\t\t\t<div class='gallery-icon portrait'>\n\t\t\t\t<a data-elementor-open-lightbox=\"yes\" data-elementor-lightbox-slideshow=\"414f553\" data-elementor-lightbox-title=\"IMG-20251027-005\" data-e-action-hash=\"#elementor-action%3Aaction%3Dlightbox%26settings%3DeyJpZCI6MjUwOSwidXJsIjoiaHR0cHM6XC9cL2lnai5jby5telwvd3AtY29udGVudFwvdXBsb2Fkc1wvMjAyNVwvMTBcL0lNRy0yMDI1MTAyNy0wMDUuanBnIiwic2xpZGVzaG93IjoiNDE0ZjU1MyJ9\" href='https:\/\/igj.co.mz\/wp-content\/uploads\/2025\/10\/IMG-20251027-005.jpg'><img loading=\"lazy\" decoding=\"async\" width=\"150\" height=\"150\" src=\"https:\/\/igj.co.mz\/wp-content\/uploads\/2025\/10\/IMG-20251027-005-150x150.jpg\" class=\"attachment-thumbnail size-thumbnail\" alt=\"\" \/><\/a>\n\t\t\t<\/div><\/figure><figure class='gallery-item'>\n\t\t\t<div class='gallery-icon portrait'>\n\t\t\t\t<a data-elementor-open-lightbox=\"yes\" data-elementor-lightbox-slideshow=\"414f553\" data-elementor-lightbox-title=\"IMG-20251027-004\" data-e-action-hash=\"#elementor-action%3Aaction%3Dlightbox%26settings%3DeyJpZCI6MjUwOCwidXJsIjoiaHR0cHM6XC9cL2lnai5jby5telwvd3AtY29udGVudFwvdXBsb2Fkc1wvMjAyNVwvMTBcL0lNRy0yMDI1MTAyNy0wMDQuanBnIiwic2xpZGVzaG93IjoiNDE0ZjU1MyJ9\" href='https:\/\/igj.co.mz\/wp-content\/uploads\/2025\/10\/IMG-20251027-004.jpg'><img loading=\"lazy\" decoding=\"async\" width=\"150\" height=\"150\" src=\"https:\/\/igj.co.mz\/wp-content\/uploads\/2025\/10\/IMG-20251027-004-150x150.jpg\" class=\"attachment-thumbnail size-thumbnail\" alt=\"\" \/><\/a>\n\t\t\t<\/div><\/figure><figure class='gallery-item'>\n\t\t\t<div class='gallery-icon landscape'>\n\t\t\t\t<a data-elementor-open-lightbox=\"yes\" data-elementor-lightbox-slideshow=\"414f553\" data-elementor-lightbox-title=\"IMG-20251027-003\" data-e-action-hash=\"#elementor-action%3Aaction%3Dlightbox%26settings%3DeyJpZCI6MjUwNywidXJsIjoiaHR0cHM6XC9cL2lnai5jby5telwvd3AtY29udGVudFwvdXBsb2Fkc1wvMjAyNVwvMTBcL0lNRy0yMDI1MTAyNy0wMDMuanBnIiwic2xpZGVzaG93IjoiNDE0ZjU1MyJ9\" href='https:\/\/igj.co.mz\/wp-content\/uploads\/2025\/10\/IMG-20251027-003.jpg'><img loading=\"lazy\" decoding=\"async\" width=\"150\" height=\"150\" src=\"https:\/\/igj.co.mz\/wp-content\/uploads\/2025\/10\/IMG-20251027-003-150x150.jpg\" class=\"attachment-thumbnail size-thumbnail\" alt=\"\" \/><\/a>\n\t\t\t<\/div><\/figure><figure class='gallery-item'>\n\t\t\t<div class='gallery-icon landscape'>\n\t\t\t\t<a data-elementor-open-lightbox=\"yes\" data-elementor-lightbox-slideshow=\"414f553\" data-elementor-lightbox-title=\"IMG-20251027-002\" data-e-action-hash=\"#elementor-action%3Aaction%3Dlightbox%26settings%3DeyJpZCI6MjUwNiwidXJsIjoiaHR0cHM6XC9cL2lnai5jby5telwvd3AtY29udGVudFwvdXBsb2Fkc1wvMjAyNVwvMTBcL0lNRy0yMDI1MTAyNy0wMDIuanBnIiwic2xpZGVzaG93IjoiNDE0ZjU1MyJ9\" href='https:\/\/igj.co.mz\/wp-content\/uploads\/2025\/10\/IMG-20251027-002.jpg'><img loading=\"lazy\" decoding=\"async\" width=\"150\" height=\"150\" src=\"https:\/\/igj.co.mz\/wp-content\/uploads\/2025\/10\/IMG-20251027-002-150x150.jpg\" class=\"attachment-thumbnail size-thumbnail\" alt=\"\" \/><\/a>\n\t\t\t<\/div><\/figure>\n\t\t<\/div>\n\t\t<\/div>\n\t\t\t\t\t\t<\/div>\n\t\t\t\t<\/div>\n\t\t\t\t\t<\/div>\n\t\t<\/div>\n\t\t\t\t\t<\/div>\n\t\t<\/section>\n\t\t\t\t<\/div>\n\t\t","protected":false},"excerpt":{"rendered":"<p>In\u00edcio Documentos Informa\u00e7\u00f5es Links \u00fateis IGJ CONTRATA EMPRESA INTERNACIONAL PARA IMPLEMENTA\u00c7\u00c3O DE SISTEMA DE CONTROLO DE JOGOS ONLINE 2025 IGJ CONTRATA EMPRESA INTERNACIONAL PARA IMPLEMENTA\u00c7\u00c3O DE SISTEMA DE CONTROLO DE JOGOS ONLINE A Inspec\u00e7\u00e3o Geral de Jogos (IGJ) informa que foi adjudicado ao cons\u00f3rcio iSolutions s.r.l \u2013 Moz Energy, Lda o contrato para o desenvolvimento&hellip;<\/p>\n","protected":false},"author":46,"featured_media":0,"parent":0,"menu_order":0,"comment_status":"closed","ping_status":"closed","template":"","meta":{"footnotes":""},"class_list":["post-2496","page","type-page","status-publish","hentry"],"yoast_head":"<!-- This site is optimized with the Yoast SEO plugin v27.2 - https:\/\/yoast.com\/product\/yoast-seo-wordpress\/ -->\n<title>Not\u00edcias -<\/title>\n<meta name=\"robots\" content=\"index, follow, max-snippet:-1, max-image-preview:large, max-video-preview:-1\" \/>\n<link rel=\"canonical\" href=\"https:\/\/igj.co.mz\/?page_id=2496\" \/>\n<meta property=\"og:locale\" content=\"pt_PT\" \/>\n<meta property=\"og:type\" content=\"article\" \/>\n<meta property=\"og:title\" content=\"Not\u00edcias -\" \/>\n<meta property=\"og:description\" content=\"In\u00edcio Documentos Informa\u00e7\u00f5es Links \u00fateis IGJ CONTRATA EMPRESA INTERNACIONAL PARA IMPLEMENTA\u00c7\u00c3O DE SISTEMA DE CONTROLO DE JOGOS ONLINE 2025 IGJ CONTRATA EMPRESA INTERNACIONAL PARA IMPLEMENTA\u00c7\u00c3O DE SISTEMA DE CONTROLO DE JOGOS ONLINE A Inspec\u00e7\u00e3o Geral de Jogos (IGJ) informa que foi adjudicado ao cons\u00f3rcio iSolutions s.r.l \u2013 Moz Energy, Lda o contrato para o desenvolvimento&hellip;\" \/>\n<meta property=\"og:url\" content=\"https:\/\/igj.co.mz\/?page_id=2496\" \/>\n<meta property=\"article:modified_time\" content=\"2025-10-27T12:16:41+00:00\" \/>\n<meta property=\"og:image\" content=\"https:\/\/igj.co.mz\/wp-content\/uploads\/2025\/10\/IMG-20251027-002.jpg\" \/>\n\t<meta property=\"og:image:width\" content=\"1280\" \/>\n\t<meta property=\"og:image:height\" content=\"960\" \/>\n\t<meta property=\"og:image:type\" content=\"image\/jpeg\" \/>\n<meta name=\"twitter:card\" content=\"summary_large_image\" \/>\n<meta name=\"twitter:label1\" content=\"Tempo estimado de leitura\" \/>\n\t<meta name=\"twitter:data1\" content=\"2 minutos\" \/>\n<script type=\"application\/ld+json\" class=\"yoast-schema-graph\">{\"@context\":\"https:\/\/schema.org\",\"@graph\":[{\"@type\":\"WebPage\",\"@id\":\"https:\/\/igj.co.mz\/?page_id=2496\",\"url\":\"https:\/\/igj.co.mz\/?page_id=2496\",\"name\":\"Not\u00edcias -\",\"isPartOf\":{\"@id\":\"https:\/\/igj.co.mz\/#website\"},\"primaryImageOfPage\":{\"@id\":\"https:\/\/igj.co.mz\/?page_id=2496#primaryimage\"},\"image\":{\"@id\":\"https:\/\/igj.co.mz\/?page_id=2496#primaryimage\"},\"thumbnailUrl\":\"http:\/\/igj.co.mz\/wp-content\/uploads\/2025\/10\/IMG-20251027-002.jpg\",\"datePublished\":\"2025-10-27T05:54:15+00:00\",\"dateModified\":\"2025-10-27T12:16:41+00:00\",\"breadcrumb\":{\"@id\":\"https:\/\/igj.co.mz\/?page_id=2496#breadcrumb\"},\"inLanguage\":\"pt-PT\",\"potentialAction\":[{\"@type\":\"ReadAction\",\"target\":[\"https:\/\/igj.co.mz\/?page_id=2496\"]}]},{\"@type\":\"ImageObject\",\"inLanguage\":\"pt-PT\",\"@id\":\"https:\/\/igj.co.mz\/?page_id=2496#primaryimage\",\"url\":\"https:\/\/igj.co.mz\/wp-content\/uploads\/2025\/10\/IMG-20251027-002.jpg\",\"contentUrl\":\"https:\/\/igj.co.mz\/wp-content\/uploads\/2025\/10\/IMG-20251027-002.jpg\",\"width\":1280,\"height\":960},{\"@type\":\"BreadcrumbList\",\"@id\":\"https:\/\/igj.co.mz\/?page_id=2496#breadcrumb\",\"itemListElement\":[{\"@type\":\"ListItem\",\"position\":1,\"name\":\"In\u00edcio\",\"item\":\"https:\/\/igj.co.mz\/\"},{\"@type\":\"ListItem\",\"position\":2,\"name\":\"Not\u00edcias\"}]},{\"@type\":\"WebSite\",\"@id\":\"https:\/\/igj.co.mz\/#website\",\"url\":\"https:\/\/igj.co.mz\/\",\"name\":\"\",\"description\":\"\",\"potentialAction\":[{\"@type\":\"SearchAction\",\"target\":{\"@type\":\"EntryPoint\",\"urlTemplate\":\"https:\/\/igj.co.mz\/?s={search_term_string}\"},\"query-input\":{\"@type\":\"PropertyValueSpecification\",\"valueRequired\":true,\"valueName\":\"search_term_string\"}}],\"inLanguage\":\"pt-PT\"}]}<\/script>\n<!-- \/ Yoast SEO plugin. -->","yoast_head_json":{"title":"Not\u00edcias -","robots":{"index":"index","follow":"follow","max-snippet":"max-snippet:-1","max-image-preview":"max-image-preview:large","max-video-preview":"max-video-preview:-1"},"canonical":"https:\/\/igj.co.mz\/?page_id=2496","og_locale":"pt_PT","og_type":"article","og_title":"Not\u00edcias -","og_description":"In\u00edcio Documentos Informa\u00e7\u00f5es Links \u00fateis IGJ CONTRATA EMPRESA INTERNACIONAL PARA IMPLEMENTA\u00c7\u00c3O DE SISTEMA DE CONTROLO DE JOGOS ONLINE 2025 IGJ CONTRATA EMPRESA INTERNACIONAL PARA IMPLEMENTA\u00c7\u00c3O DE SISTEMA DE CONTROLO DE JOGOS ONLINE A Inspec\u00e7\u00e3o Geral de Jogos (IGJ) informa que foi adjudicado ao cons\u00f3rcio iSolutions s.r.l \u2013 Moz Energy, Lda o contrato para o desenvolvimento&hellip;","og_url":"https:\/\/igj.co.mz\/?page_id=2496","article_modified_time":"2025-10-27T12:16:41+00:00","og_image":[{"width":1280,"height":960,"url":"https:\/\/igj.co.mz\/wp-content\/uploads\/2025\/10\/IMG-20251027-002.jpg","type":"image\/jpeg"}],"twitter_card":"summary_large_image","twitter_misc":{"Tempo estimado de leitura":"2 minutos"},"schema":{"@context":"https:\/\/schema.org","@graph":[{"@type":"WebPage","@id":"https:\/\/igj.co.mz\/?page_id=2496","url":"https:\/\/igj.co.mz\/?page_id=2496","name":"Not\u00edcias -","isPartOf":{"@id":"https:\/\/igj.co.mz\/#website"},"primaryImageOfPage":{"@id":"https:\/\/igj.co.mz\/?page_id=2496#primaryimage"},"image":{"@id":"https:\/\/igj.co.mz\/?page_id=2496#primaryimage"},"thumbnailUrl":"http:\/\/igj.co.mz\/wp-content\/uploads\/2025\/10\/IMG-20251027-002.jpg","datePublished":"2025-10-27T05:54:15+00:00","dateModified":"2025-10-27T12:16:41+00:00","breadcrumb":{"@id":"https:\/\/igj.co.mz\/?page_id=2496#breadcrumb"},"inLanguage":"pt-PT","potentialAction":[{"@type":"ReadAction","target":["https:\/\/igj.co.mz\/?page_id=2496"]}]},{"@type":"ImageObject","inLanguage":"pt-PT","@id":"https:\/\/igj.co.mz\/?page_id=2496#primaryimage","url":"https:\/\/igj.co.mz\/wp-content\/uploads\/2025\/10\/IMG-20251027-002.jpg","contentUrl":"https:\/\/igj.co.mz\/wp-content\/uploads\/2025\/10\/IMG-20251027-002.jpg","width":1280,"height":960},{"@type":"BreadcrumbList","@id":"https:\/\/igj.co.mz\/?page_id=2496#breadcrumb","itemListElement":[{"@type":"ListItem","position":1,"name":"In\u00edcio","item":"https:\/\/igj.co.mz\/"},{"@type":"ListItem","position":2,"name":"Not\u00edcias"}]},{"@type":"WebSite","@id":"https:\/\/igj.co.mz\/#website","url":"https:\/\/igj.co.mz\/","name":"","description":"","potentialAction":[{"@type":"SearchAction","target":{"@type":"EntryPoint","urlTemplate":"https:\/\/igj.co.mz\/?s={search_term_string}"},"query-input":{"@type":"PropertyValueSpecification","valueRequired":true,"valueName":"search_term_string"}}],"inLanguage":"pt-PT"}]}},"_links":{"self":[{"href":"https:\/\/igj.co.mz\/index.php?rest_route=\/wp\/v2\/pages\/2496","targetHints":{"allow":["GET"]}}],"collection":[{"href":"https:\/\/igj.co.mz\/index.php?rest_route=\/wp\/v2\/pages"}],"about":[{"href":"https:\/\/igj.co.mz\/index.php?rest_route=\/wp\/v2\/types\/page"}],"author":[{"embeddable":true,"href":"https:\/\/igj.co.mz\/index.php?rest_route=\/wp\/v2\/users\/46"}],"replies":[{"embeddable":true,"href":"https:\/\/igj.co.mz\/index.php?rest_route=%2Fwp%2Fv2%2Fcomments&post=2496"}],"version-history":[{"count":10,"href":"https:\/\/igj.co.mz\/index.php?rest_route=\/wp\/v2\/pages\/2496\/revisions"}],"predecessor-version":[{"id":2518,"href":"https:\/\/igj.co.mz\/index.php?rest_route=\/wp\/v2\/pages\/2496\/revisions\/2518"}],"wp:attachment":[{"href":"https:\/\/igj.co.mz\/index.php?rest_route=%2Fwp%2Fv2%2Fmedia&parent=2496"}],"curies":[{"name":"wp","href":"https:\/\/api.w.org\/{rel}","templated":true}]}}