{"id":246,"date":"2020-03-17T13:02:49","date_gmt":"2020-03-17T13:02:49","guid":{"rendered":"http:\/\/igj.co.mz\/?page_id=246"},"modified":"2024-06-05T22:31:15","modified_gmt":"2024-06-05T22:31:15","slug":"lista-de-modalidades-e-competicoes","status":"publish","type":"page","link":"https:\/\/igj.co.mz\/?page_id=246","title":{"rendered":"Lista de Modalidades e Competi\u00e7\u00f5es"},"content":{"rendered":"\t\t<div data-elementor-type=\"wp-page\" data-elementor-id=\"246\" class=\"elementor elementor-246\">\n\t\t\t\t\t\t<section class=\"elementor-section elementor-top-section elementor-element elementor-element-9d20123 elementor-section-boxed elementor-section-height-default elementor-section-height-default\" data-id=\"9d20123\" data-element_type=\"section\" data-e-type=\"section\">\n\t\t\t\t\t\t<div class=\"elementor-container elementor-column-gap-default\">\n\t\t\t\t\t<div class=\"elementor-column elementor-col-33 elementor-top-column elementor-element elementor-element-518926b\" data-id=\"518926b\" data-element_type=\"column\" data-e-type=\"column\">\n\t\t\t<div class=\"elementor-widget-wrap elementor-element-populated\">\n\t\t\t\t\t\t<div class=\"elementor-element elementor-element-65e5aa8 elementor-position-inline-start elementor-view-default elementor-mobile-position-block-start elementor-widget elementor-widget-icon-box\" data-id=\"65e5aa8\" data-element_type=\"widget\" data-e-type=\"widget\" data-widget_type=\"icon-box.default\">\n\t\t\t\t<div class=\"elementor-widget-container\">\n\t\t\t\t\t\t\t<div class=\"elementor-icon-box-wrapper\">\n\n\t\t\t\t\t\t<div class=\"elementor-icon-box-icon\">\n\t\t\t\t<a href=\"http:\/\/igj.co.mz\/\" class=\"elementor-icon\" tabindex=\"-1\" aria-label=\"In\u00edcio\">\n\t\t\t\t<i aria-hidden=\"true\" class=\"fas fa-house-damage\"><\/i>\t\t\t\t<\/a>\n\t\t\t<\/div>\n\t\t\t\n\t\t\t\t\t\t<div class=\"elementor-icon-box-content\">\n\n\t\t\t\t\t\t\t\t\t<h3 class=\"elementor-icon-box-title\">\n\t\t\t\t\t\t<a href=\"http:\/\/igj.co.mz\/\" >\n\t\t\t\t\t\t\tIn\u00edcio\t\t\t\t\t\t<\/a>\n\t\t\t\t\t<\/h3>\n\t\t\t\t\n\t\t\t\t\n\t\t\t<\/div>\n\t\t\t\n\t\t<\/div>\n\t\t\t\t\t\t<\/div>\n\t\t\t\t<\/div>\n\t\t\t\t<div class=\"elementor-element elementor-element-9a53ac3 elementor-position-inline-start elementor-view-default elementor-mobile-position-block-start elementor-widget elementor-widget-icon-box\" data-id=\"9a53ac3\" data-element_type=\"widget\" data-e-type=\"widget\" data-widget_type=\"icon-box.default\">\n\t\t\t\t<div class=\"elementor-widget-container\">\n\t\t\t\t\t\t\t<div class=\"elementor-icon-box-wrapper\">\n\n\t\t\t\t\t\t<div class=\"elementor-icon-box-icon\">\n\t\t\t\t<a href=\"http:\/\/igj.co.mz\/?page_id=236\" class=\"elementor-icon\" tabindex=\"-1\" aria-label=\"Regime Legal\">\n\t\t\t\t<i aria-hidden=\"true\" class=\"fas fa-gavel\"><\/i>\t\t\t\t<\/a>\n\t\t\t<\/div>\n\t\t\t\n\t\t\t\t\t\t<div class=\"elementor-icon-box-content\">\n\n\t\t\t\t\t\t\t\t\t<h3 class=\"elementor-icon-box-title\">\n\t\t\t\t\t\t<a href=\"http:\/\/igj.co.mz\/?page_id=236\" >\n\t\t\t\t\t\t\tRegime Legal\t\t\t\t\t\t<\/a>\n\t\t\t\t\t<\/h3>\n\t\t\t\t\n\t\t\t\t\n\t\t\t<\/div>\n\t\t\t\n\t\t<\/div>\n\t\t\t\t\t\t<\/div>\n\t\t\t\t<\/div>\n\t\t\t\t<div class=\"elementor-element elementor-element-338a81b elementor-position-inline-start elementor-view-default elementor-mobile-position-block-start elementor-widget elementor-widget-icon-box\" data-id=\"338a81b\" data-element_type=\"widget\" data-e-type=\"widget\" data-widget_type=\"icon-box.default\">\n\t\t\t\t<div class=\"elementor-widget-container\">\n\t\t\t\t\t\t\t<div class=\"elementor-icon-box-wrapper\">\n\n\t\t\t\t\t\t<div class=\"elementor-icon-box-icon\">\n\t\t\t\t<a href=\"http:\/\/igj.co.mz\/?page_id=242\" class=\"elementor-icon\" tabindex=\"-1\" aria-label=\"Regulamentos , Instru\u00e7\u00f5es e Orienta\u00e7\u00f5es\">\n\t\t\t\t<i aria-hidden=\"true\" class=\"far fa-newspaper\"><\/i>\t\t\t\t<\/a>\n\t\t\t<\/div>\n\t\t\t\n\t\t\t\t\t\t<div class=\"elementor-icon-box-content\">\n\n\t\t\t\t\t\t\t\t\t<h3 class=\"elementor-icon-box-title\">\n\t\t\t\t\t\t<a href=\"http:\/\/igj.co.mz\/?page_id=242\" >\n\t\t\t\t\t\t\tRegulamentos , Instru\u00e7\u00f5es e Orienta\u00e7\u00f5es\t\t\t\t\t\t<\/a>\n\t\t\t\t\t<\/h3>\n\t\t\t\t\n\t\t\t\t\n\t\t\t<\/div>\n\t\t\t\n\t\t<\/div>\n\t\t\t\t\t\t<\/div>\n\t\t\t\t<\/div>\n\t\t\t\t<div class=\"elementor-element elementor-element-3680ba6 elementor-position-inline-start elementor-view-default elementor-mobile-position-block-start elementor-widget elementor-widget-icon-box\" data-id=\"3680ba6\" data-element_type=\"widget\" data-e-type=\"widget\" data-widget_type=\"icon-box.default\">\n\t\t\t\t<div class=\"elementor-widget-container\">\n\t\t\t\t\t\t\t<div class=\"elementor-icon-box-wrapper\">\n\n\t\t\t\t\t\t<div class=\"elementor-icon-box-icon\">\n\t\t\t\t<a href=\"http:\/\/igj.co.mz\/?page_id=244\" class=\"elementor-icon\" tabindex=\"-1\" aria-label=\"Jogos e Apostas Regulamentados\">\n\t\t\t\t<i aria-hidden=\"true\" class=\"far fa-life-ring\"><\/i>\t\t\t\t<\/a>\n\t\t\t<\/div>\n\t\t\t\n\t\t\t\t\t\t<div class=\"elementor-icon-box-content\">\n\n\t\t\t\t\t\t\t\t\t<h3 class=\"elementor-icon-box-title\">\n\t\t\t\t\t\t<a href=\"http:\/\/igj.co.mz\/?page_id=244\" >\n\t\t\t\t\t\t\tJogos e Apostas Regulamentados\t\t\t\t\t\t<\/a>\n\t\t\t\t\t<\/h3>\n\t\t\t\t\n\t\t\t\t\n\t\t\t<\/div>\n\t\t\t\n\t\t<\/div>\n\t\t\t\t\t\t<\/div>\n\t\t\t\t<\/div>\n\t\t\t\t\t<\/div>\n\t\t<\/div>\n\t\t\t\t<div class=\"elementor-column elementor-col-66 elementor-top-column elementor-element elementor-element-a08c08d\" data-id=\"a08c08d\" data-element_type=\"column\" data-e-type=\"column\">\n\t\t\t<div class=\"elementor-widget-wrap elementor-element-populated\">\n\t\t\t\t\t\t<div class=\"elementor-element elementor-element-8da9dd4 elementor-widget elementor-widget-heading\" data-id=\"8da9dd4\" data-element_type=\"widget\" data-e-type=\"widget\" data-widget_type=\"heading.default\">\n\t\t\t\t<div class=\"elementor-widget-container\">\n\t\t\t\t\t<h2 class=\"elementor-heading-title elementor-size-default\">Lista de Modalidades e Competi\u00e7\u00f5es<\/h2>\t\t\t\t<\/div>\n\t\t\t\t<\/div>\n\t\t\t\t<div class=\"elementor-element elementor-element-d191ae0 elementor-widget elementor-widget-text-editor\" data-id=\"d191ae0\" data-element_type=\"widget\" data-e-type=\"widget\" data-widget_type=\"text-editor.default\">\n\t\t\t\t<div class=\"elementor-widget-container\">\n\t\t\t\t\t\t\t\t\t<p><span style=\"color: #000000;\">Aqui est\u00e1 uma lista abrangente de modalidades, competi\u00e7\u00f5es e provas desportivas:<\/span><\/p><p style=\"text-align: center;\"><span style=\"color: #000000; font-size: 14pt;\"><strong>Modalidades Desportivas<\/strong><\/span><\/p><p style=\"text-align: center;\"><span style=\"color: #000000;\"><strong>Desportos Ol\u00edmpicos<\/strong><\/span><\/p><ol><li><span style=\"color: #000000;\">Atletismo<\/span><\/li><li><span style=\"color: #000000;\">Nata\u00e7\u00e3o<\/span><\/li><li><span style=\"color: #000000;\">Gin\u00e1stica<\/span><\/li><li><span style=\"color: #000000;\">Futebol<\/span><\/li><li><span style=\"color: #000000;\">Basquete<\/span><\/li><li><span style=\"color: #000000;\">V\u00f4lei<\/span><\/li><li><span style=\"color: #000000;\">T\u00eanis<\/span><\/li><li><span style=\"color: #000000;\">Ciclismo<\/span><\/li><li><span style=\"color: #000000;\">Boxe<\/span><\/li><li><span style=\"color: #000000;\">Remo<\/span><\/li><li><span style=\"color: #000000;\">Esgrima<\/span><\/li><li><span style=\"color: #000000;\">Tiro com Arco<\/span><\/li><li><span style=\"color: #000000;\">Halterofilismo<\/span><\/li><li><span style=\"color: #000000;\">Hipismo<\/span><\/li><li><span style=\"color: #000000;\">Jud\u00f4<\/span><\/li><li><span style=\"color: #000000;\">Taekwondo<\/span><\/li><li><span style=\"color: #000000;\">Wrestling (Luta Livre e Greco-Romana)<\/span><\/li><li><span style=\"color: #000000;\">Badminton<\/span><\/li><li><span style=\"color: #000000;\">Rugby Sevens<\/span><\/li><li><span style=\"color: #000000;\">Golf<\/span><\/li><li><span style=\"color: #000000;\">Skateboarding<\/span><\/li><li><span style=\"color: #000000;\">Surf<\/span><\/li><li><span style=\"color: #000000;\">Escalada Esportiva<\/span><\/li><\/ol><p style=\"text-align: center;\"><span style=\"color: #000000;\"><strong>Desportos de Inverno<\/strong><\/span><\/p><ol><li><span style=\"color: #000000;\">Esqui Alpino<\/span><\/li><li><span style=\"color: #000000;\">Snowboard<\/span><\/li><li><span style=\"color: #000000;\">Patina\u00e7\u00e3o Art\u00edstica<\/span><\/li><li><span style=\"color: #000000;\">H\u00f3quei no Gelo<\/span><\/li><li><span style=\"color: #000000;\">Biatlo<\/span><\/li><li><span style=\"color: #000000;\">Bobsleigh<\/span><\/li><li><span style=\"color: #000000;\">Curling<\/span><\/li><li><span style=\"color: #000000;\">Luge<\/span><\/li><li><span style=\"color: #000000;\">Esqui Cross-Country<\/span><\/li><li><span style=\"color: #000000;\">Salto de Esqui<\/span><\/li><\/ol><p style=\"text-align: center;\"><span style=\"color: #000000;\"><strong>Desportos Aqu\u00e1ticos<\/strong><\/span><\/p><ol><li><span style=\"color: #000000;\">Polo Aqu\u00e1tico<\/span><\/li><li><span style=\"color: #000000;\">Mergulho<\/span><\/li><li><span style=\"color: #000000;\">Nata\u00e7\u00e3o Sincronizada<\/span><\/li><li><span style=\"color: #000000;\">Canoagem<\/span><\/li><li><span style=\"color: #000000;\">Vela<\/span><\/li><\/ol><p style=\"text-align: center;\"><span style=\"color: #000000;\"><strong>Desportos de Combate<\/strong><\/span><\/p><ol><li><span style=\"color: #000000;\">MMA (Mixed Martial Arts)<\/span><\/li><li><span style=\"color: #000000;\">Boxe<\/span><\/li><li><span style=\"color: #000000;\">Karat\u00ea<\/span><\/li><li><span style=\"color: #000000;\">Jiu-Jitsu<\/span><\/li><li><span style=\"color: #000000;\">Kickboxing<\/span><\/li><\/ol><p style=\"text-align: center;\"><span style=\"color: #000000; font-size: 14pt;\"><strong>Competi\u00e7\u00f5es Desportivas<\/strong><\/span><\/p><p style=\"text-align: center;\"><span style=\"color: #000000;\"><strong>Jogos Ol\u00edmpicos<\/strong><\/span><\/p><ol><li><span style=\"color: #000000;\">Jogos Ol\u00edmpicos de Ver\u00e3o<\/span><\/li><li><span style=\"color: #000000;\">Jogos Ol\u00edmpicos de Inverno<\/span><\/li><li><span style=\"color: #000000;\">Jogos Paral\u00edmpicos<\/span><\/li><\/ol><p style=\"text-align: center;\"><span style=\"color: #000000;\"><strong>Competi\u00e7\u00f5es de Futebol<\/strong><\/span><\/p><ol><li><span style=\"color: #000000;\">Copa do Mundo FIFA<\/span><\/li><li><span style=\"color: #000000;\">UEFA Champions League<\/span><\/li><li><span style=\"color: #000000;\">Copa Libertadores da Am\u00e9rica<\/span><\/li><li><span style=\"color: #000000;\">Campeonato Europeu de Futebol (Euro)<\/span><\/li><li><span style=\"color: #000000;\">Copa Am\u00e9rica<\/span><\/li><\/ol><p style=\"text-align: center;\"><span style=\"color: #000000;\"><strong>Competi\u00e7\u00f5es de T\u00eanis<\/strong><\/span><\/p><ol><li><span style=\"color: #000000;\">Wimbledon<\/span><\/li><li><span style=\"color: #000000;\">US Open<\/span><\/li><li><span style=\"color: #000000;\">Roland Garros<\/span><\/li><li><span style=\"color: #000000;\">Australian Open<\/span><\/li><li><span style=\"color: #000000;\">ATP Finals<\/span><\/li><\/ol><p style=\"text-align: center;\"><span style=\"color: #000000;\"><strong>Competi\u00e7\u00f5es de Basquete<\/strong><\/span><\/p><ol><li><span style=\"color: #000000;\">NBA<\/span><\/li><li><span style=\"color: #000000;\">Euro League<\/span><\/li><li><span style=\"color: #000000;\">FIBA World Cup<\/span><\/li><li><span style=\"color: #000000;\">NCAA Men&#8217;s Basketball Tournament<\/span><\/li><\/ol><p style=\"text-align: center;\"><span style=\"color: #000000;\"><strong>Competi\u00e7\u00f5es de Automobilismo<\/strong><\/span><\/p><ol><li><span style=\"color: #000000;\">F\u00f3rmula 1 &#8211; Campeonato Mundial<\/span><\/li><li><span style=\"color: #000000;\">24 Horas de Le Mans<\/span><\/li><li><span style=\"color: #000000;\">Indianapolis 500<\/span><\/li><li><span style=\"color: #000000;\">Dakar Rally<\/span><\/li><\/ol><p style=\"text-align: center;\"><span style=\"color: #000000; font-size: 14pt;\"><strong>Provas Desportivas<\/strong><\/span><\/p><p style=\"text-align: center;\"><span style=\"color: #000000;\"><strong>\u00a0Provas de Atletismo<\/strong><\/span><\/p><ol><li><span style=\"color: #000000;\">100 metros rasos<\/span><\/li><li><span style=\"color: #000000;\">Maratona<\/span><\/li><li><span style=\"color: #000000;\">Salto em altura<\/span><\/li><li><span style=\"color: #000000;\">Lan\u00e7amento de dardo<\/span><\/li><li><span style=\"color: #000000;\">Decatlo<\/span><\/li><li><span style=\"color: #000000;\">4&#215;100 metros revezamento<\/span><\/li><\/ol><p style=\"text-align: center;\"><span style=\"color: #000000;\"><strong>Provas de Nata\u00e7\u00e3o<\/strong><\/span><\/p><ol><li><span style=\"color: #000000;\">50 metros livres<\/span><\/li><li><span style=\"color: #000000;\">100 metros borboleta<\/span><\/li><li><span style=\"color: #000000;\">200 metros medley<\/span><\/li><li><span style=\"color: #000000;\">4&#215;100 metros livres<\/span><\/li><li><span style=\"color: #000000;\">1500 metros livre<\/span><\/li><\/ol><p style=\"text-align: center;\"><span style=\"color: #000000;\"><strong>Provas de Ciclismo<\/strong><\/span><\/p><ol><li><span style=\"color: #000000;\">Tour de France<\/span><\/li><li><span style=\"color: #000000;\">Giro d&#8217;Italia<\/span><\/li><li><span style=\"color: #000000;\">Vuelta a Espa\u00f1a<\/span><\/li><li><span style=\"color: #000000;\">Contra-rel\u00f3gio<\/span><\/li><li><span style=\"color: #000000;\">Mountain Bike Cross Country<\/span><\/li><\/ol><p style=\"text-align: center;\"><span style=\"color: #000000;\"><strong>Provas de Gin\u00e1stica<\/strong><\/span><\/p><ol><li><span style=\"color: #000000;\">Solo<\/span><\/li><li><span style=\"color: #000000;\">Argolas<\/span><\/li><li><span style=\"color: #000000;\">Barra Fixa<\/span><\/li><li><span style=\"color: #000000;\">Trave<\/span><\/li><li><span style=\"color: #000000;\">Salto sobre a mesa<\/span><\/li><\/ol><p style=\"text-align: center;\"><span style=\"color: #000000;\"><strong>Provas de Esqui<\/strong><\/span><\/p><ol><li><span style=\"color: #000000;\">Slalom<\/span><\/li><li><span style=\"color: #000000;\">Slalom Gigante<\/span><\/li><li><span style=\"color: #000000;\">Super-G<\/span><\/li><li><span style=\"color: #000000;\">Downhill<\/span><\/li><li><span style=\"color: #000000;\">Combinado N\u00f3rdico<\/span><\/li><\/ol><p><span style=\"color: #000000;\">Essa lista cobre uma ampla variedade de modalidades, competi\u00e7\u00f5es e provas desportivas, abrangendo tanto Desportos de ver\u00e3o quanto de inverno, al\u00e9m de eventos de diferentes tipos de Desportos.<\/span><\/p>\t\t\t\t\t\t\t\t<\/div>\n\t\t\t\t<\/div>\n\t\t\t\t\t<\/div>\n\t\t<\/div>\n\t\t\t\t\t<\/div>\n\t\t<\/section>\n\t\t\t\t<\/div>\n\t\t","protected":false},"excerpt":{"rendered":"<p>In\u00edcio Regime Legal Regulamentos , Instru\u00e7\u00f5es e Orienta\u00e7\u00f5es Jogos e Apostas Regulamentados Lista de Modalidades e Competi\u00e7\u00f5es Aqui est\u00e1 uma lista abrangente de modalidades, competi\u00e7\u00f5es e provas desportivas: Modalidades Desportivas Desportos Ol\u00edmpicos Atletismo Nata\u00e7\u00e3o Gin\u00e1stica Futebol Basquete V\u00f4lei T\u00eanis Ciclismo Boxe Remo Esgrima Tiro com Arco Halterofilismo Hipismo Jud\u00f4 Taekwondo Wrestling (Luta Livre e Greco-Romana)&hellip;<\/p>\n","protected":false},"author":1,"featured_media":0,"parent":0,"menu_order":0,"comment_status":"closed","ping_status":"closed","template":"","meta":{"footnotes":""},"class_list":["post-246","page","type-page","status-publish","hentry"],"yoast_head":"<!-- This site is optimized with the Yoast SEO plugin v27.2 - https:\/\/yoast.com\/product\/yoast-seo-wordpress\/ -->\n<title>Lista de Modalidades e Competi\u00e7\u00f5es -<\/title>\n<meta name=\"robots\" content=\"index, follow, max-snippet:-1, max-image-preview:large, max-video-preview:-1\" \/>\n<link rel=\"canonical\" href=\"http:\/\/igj.co.mz\/?page_id=246\" \/>\n<meta property=\"og:locale\" content=\"pt_PT\" \/>\n<meta property=\"og:type\" content=\"article\" \/>\n<meta property=\"og:title\" content=\"Lista de Modalidades e Competi\u00e7\u00f5es -\" \/>\n<meta property=\"og:description\" content=\"In\u00edcio Regime Legal Regulamentos , Instru\u00e7\u00f5es e Orienta\u00e7\u00f5es Jogos e Apostas Regulamentados Lista de Modalidades e Competi\u00e7\u00f5es Aqui est\u00e1 uma lista abrangente de modalidades, competi\u00e7\u00f5es e provas desportivas: Modalidades Desportivas Desportos Ol\u00edmpicos Atletismo Nata\u00e7\u00e3o Gin\u00e1stica Futebol Basquete V\u00f4lei T\u00eanis Ciclismo Boxe Remo Esgrima Tiro com Arco Halterofilismo Hipismo Jud\u00f4 Taekwondo Wrestling (Luta Livre e Greco-Romana)&hellip;\" \/>\n<meta property=\"og:url\" content=\"http:\/\/igj.co.mz\/?page_id=246\" \/>\n<meta property=\"article:modified_time\" content=\"2024-06-05T22:31:15+00:00\" \/>\n<meta name=\"twitter:card\" content=\"summary_large_image\" \/>\n<meta name=\"twitter:label1\" content=\"Tempo estimado de leitura\" \/>\n\t<meta name=\"twitter:data1\" content=\"2 minutos\" \/>\n<script type=\"application\/ld+json\" class=\"yoast-schema-graph\">{\"@context\":\"https:\/\/schema.org\",\"@graph\":[{\"@type\":\"WebPage\",\"@id\":\"http:\/\/igj.co.mz\/?page_id=246\",\"url\":\"http:\/\/igj.co.mz\/?page_id=246\",\"name\":\"Lista de Modalidades e Competi\u00e7\u00f5es -\",\"isPartOf\":{\"@id\":\"https:\/\/igj.co.mz\/#website\"},\"datePublished\":\"2020-03-17T13:02:49+00:00\",\"dateModified\":\"2024-06-05T22:31:15+00:00\",\"breadcrumb\":{\"@id\":\"http:\/\/igj.co.mz\/?page_id=246#breadcrumb\"},\"inLanguage\":\"pt-PT\",\"potentialAction\":[{\"@type\":\"ReadAction\",\"target\":[\"http:\/\/igj.co.mz\/?page_id=246\"]}]},{\"@type\":\"BreadcrumbList\",\"@id\":\"http:\/\/igj.co.mz\/?page_id=246#breadcrumb\",\"itemListElement\":[{\"@type\":\"ListItem\",\"position\":1,\"name\":\"In\u00edcio\",\"item\":\"https:\/\/igj.co.mz\/\"},{\"@type\":\"ListItem\",\"position\":2,\"name\":\"Lista de Modalidades e Competi\u00e7\u00f5es\"}]},{\"@type\":\"WebSite\",\"@id\":\"https:\/\/igj.co.mz\/#website\",\"url\":\"https:\/\/igj.co.mz\/\",\"name\":\"\",\"description\":\"\",\"potentialAction\":[{\"@type\":\"SearchAction\",\"target\":{\"@type\":\"EntryPoint\",\"urlTemplate\":\"https:\/\/igj.co.mz\/?s={search_term_string}\"},\"query-input\":{\"@type\":\"PropertyValueSpecification\",\"valueRequired\":true,\"valueName\":\"search_term_string\"}}],\"inLanguage\":\"pt-PT\"}]}<\/script>\n<!-- \/ Yoast SEO plugin. -->","yoast_head_json":{"title":"Lista de Modalidades e Competi\u00e7\u00f5es -","robots":{"index":"index","follow":"follow","max-snippet":"max-snippet:-1","max-image-preview":"max-image-preview:large","max-video-preview":"max-video-preview:-1"},"canonical":"http:\/\/igj.co.mz\/?page_id=246","og_locale":"pt_PT","og_type":"article","og_title":"Lista de Modalidades e Competi\u00e7\u00f5es -","og_description":"In\u00edcio Regime Legal Regulamentos , Instru\u00e7\u00f5es e Orienta\u00e7\u00f5es Jogos e Apostas Regulamentados Lista de Modalidades e Competi\u00e7\u00f5es Aqui est\u00e1 uma lista abrangente de modalidades, competi\u00e7\u00f5es e provas desportivas: Modalidades Desportivas Desportos Ol\u00edmpicos Atletismo Nata\u00e7\u00e3o Gin\u00e1stica Futebol Basquete V\u00f4lei T\u00eanis Ciclismo Boxe Remo Esgrima Tiro com Arco Halterofilismo Hipismo Jud\u00f4 Taekwondo Wrestling (Luta Livre e Greco-Romana)&hellip;","og_url":"http:\/\/igj.co.mz\/?page_id=246","article_modified_time":"2024-06-05T22:31:15+00:00","twitter_card":"summary_large_image","twitter_misc":{"Tempo estimado de leitura":"2 minutos"},"schema":{"@context":"https:\/\/schema.org","@graph":[{"@type":"WebPage","@id":"http:\/\/igj.co.mz\/?page_id=246","url":"http:\/\/igj.co.mz\/?page_id=246","name":"Lista de Modalidades e Competi\u00e7\u00f5es -","isPartOf":{"@id":"https:\/\/igj.co.mz\/#website"},"datePublished":"2020-03-17T13:02:49+00:00","dateModified":"2024-06-05T22:31:15+00:00","breadcrumb":{"@id":"http:\/\/igj.co.mz\/?page_id=246#breadcrumb"},"inLanguage":"pt-PT","potentialAction":[{"@type":"ReadAction","target":["http:\/\/igj.co.mz\/?page_id=246"]}]},{"@type":"BreadcrumbList","@id":"http:\/\/igj.co.mz\/?page_id=246#breadcrumb","itemListElement":[{"@type":"ListItem","position":1,"name":"In\u00edcio","item":"https:\/\/igj.co.mz\/"},{"@type":"ListItem","position":2,"name":"Lista de Modalidades e Competi\u00e7\u00f5es"}]},{"@type":"WebSite","@id":"https:\/\/igj.co.mz\/#website","url":"https:\/\/igj.co.mz\/","name":"","description":"","potentialAction":[{"@type":"SearchAction","target":{"@type":"EntryPoint","urlTemplate":"https:\/\/igj.co.mz\/?s={search_term_string}"},"query-input":{"@type":"PropertyValueSpecification","valueRequired":true,"valueName":"search_term_string"}}],"inLanguage":"pt-PT"}]}},"_links":{"self":[{"href":"https:\/\/igj.co.mz\/index.php?rest_route=\/wp\/v2\/pages\/246","targetHints":{"allow":["GET"]}}],"collection":[{"href":"https:\/\/igj.co.mz\/index.php?rest_route=\/wp\/v2\/pages"}],"about":[{"href":"https:\/\/igj.co.mz\/index.php?rest_route=\/wp\/v2\/types\/page"}],"author":[{"embeddable":true,"href":"https:\/\/igj.co.mz\/index.php?rest_route=\/wp\/v2\/users\/1"}],"replies":[{"embeddable":true,"href":"https:\/\/igj.co.mz\/index.php?rest_route=%2Fwp%2Fv2%2Fcomments&post=246"}],"version-history":[{"count":0,"href":"https:\/\/igj.co.mz\/index.php?rest_route=\/wp\/v2\/pages\/246\/revisions"}],"wp:attachment":[{"href":"https:\/\/igj.co.mz\/index.php?rest_route=%2Fwp%2Fv2%2Fmedia&parent=246"}],"curies":[{"name":"wp","href":"https:\/\/api.w.org\/{rel}","templated":true}]}}