{"id":244,"date":"2020-03-17T13:01:56","date_gmt":"2020-03-17T13:01:56","guid":{"rendered":"http:\/\/igj.co.mz\/?page_id=244"},"modified":"2025-12-01T12:45:43","modified_gmt":"2025-12-01T12:45:43","slug":"jogos-e-apostas-regulamentados","status":"publish","type":"page","link":"https:\/\/igj.co.mz\/?page_id=244","title":{"rendered":"Jogos Autorizados para explora\u00e7\u00e3o"},"content":{"rendered":"\t\t<div data-elementor-type=\"wp-page\" data-elementor-id=\"244\" class=\"elementor elementor-244\">\n\t\t\t\t\t\t<section class=\"elementor-section elementor-top-section elementor-element elementor-element-9d20123 elementor-section-boxed elementor-section-height-default elementor-section-height-default\" data-id=\"9d20123\" data-element_type=\"section\" data-e-type=\"section\">\n\t\t\t\t\t\t<div class=\"elementor-container elementor-column-gap-default\">\n\t\t\t\t\t<div class=\"elementor-column elementor-col-33 elementor-top-column elementor-element elementor-element-518926b\" data-id=\"518926b\" data-element_type=\"column\" data-e-type=\"column\">\n\t\t\t<div class=\"elementor-widget-wrap elementor-element-populated\">\n\t\t\t\t\t\t<div class=\"elementor-element elementor-element-e6f8ed8 elementor-position-inline-start elementor-view-default elementor-mobile-position-block-start elementor-widget elementor-widget-icon-box\" data-id=\"e6f8ed8\" data-element_type=\"widget\" data-e-type=\"widget\" data-widget_type=\"icon-box.default\">\n\t\t\t\t<div class=\"elementor-widget-container\">\n\t\t\t\t\t\t\t<div class=\"elementor-icon-box-wrapper\">\n\n\t\t\t\t\t\t<div class=\"elementor-icon-box-icon\">\n\t\t\t\t<a href=\"http:\/\/igj.co.mz\/\" class=\"elementor-icon\" tabindex=\"-1\" aria-label=\"In\u00edcio\">\n\t\t\t\t<i aria-hidden=\"true\" class=\"fas fa-house-damage\"><\/i>\t\t\t\t<\/a>\n\t\t\t<\/div>\n\t\t\t\n\t\t\t\t\t\t<div class=\"elementor-icon-box-content\">\n\n\t\t\t\t\t\t\t\t\t<h3 class=\"elementor-icon-box-title\">\n\t\t\t\t\t\t<a href=\"http:\/\/igj.co.mz\/\" >\n\t\t\t\t\t\t\tIn\u00edcio\t\t\t\t\t\t<\/a>\n\t\t\t\t\t<\/h3>\n\t\t\t\t\n\t\t\t\t\n\t\t\t<\/div>\n\t\t\t\n\t\t<\/div>\n\t\t\t\t\t\t<\/div>\n\t\t\t\t<\/div>\n\t\t\t\t<div class=\"elementor-element elementor-element-fceea6d elementor-position-inline-start elementor-view-default elementor-mobile-position-block-start elementor-widget elementor-widget-icon-box\" data-id=\"fceea6d\" data-element_type=\"widget\" data-e-type=\"widget\" data-widget_type=\"icon-box.default\">\n\t\t\t\t<div class=\"elementor-widget-container\">\n\t\t\t\t\t\t\t<div class=\"elementor-icon-box-wrapper\">\n\n\t\t\t\t\t\t<div class=\"elementor-icon-box-icon\">\n\t\t\t\t<a href=\"http:\/\/igj.co.mz\/?page_id=236\" class=\"elementor-icon\" tabindex=\"-1\" aria-label=\"Regime Legal\">\n\t\t\t\t<i aria-hidden=\"true\" class=\"fas fa-gavel\"><\/i>\t\t\t\t<\/a>\n\t\t\t<\/div>\n\t\t\t\n\t\t\t\t\t\t<div class=\"elementor-icon-box-content\">\n\n\t\t\t\t\t\t\t\t\t<h3 class=\"elementor-icon-box-title\">\n\t\t\t\t\t\t<a href=\"http:\/\/igj.co.mz\/?page_id=236\" >\n\t\t\t\t\t\t\tRegime Legal\t\t\t\t\t\t<\/a>\n\t\t\t\t\t<\/h3>\n\t\t\t\t\n\t\t\t\t\n\t\t\t<\/div>\n\t\t\t\n\t\t<\/div>\n\t\t\t\t\t\t<\/div>\n\t\t\t\t<\/div>\n\t\t\t\t<div class=\"elementor-element elementor-element-8a272f4 elementor-position-inline-start elementor-view-default elementor-mobile-position-block-start elementor-widget elementor-widget-icon-box\" data-id=\"8a272f4\" data-element_type=\"widget\" data-e-type=\"widget\" data-widget_type=\"icon-box.default\">\n\t\t\t\t<div class=\"elementor-widget-container\">\n\t\t\t\t\t\t\t<div class=\"elementor-icon-box-wrapper\">\n\n\t\t\t\t\t\t<div class=\"elementor-icon-box-icon\">\n\t\t\t\t<a href=\"http:\/\/igj.co.mz\/?page_id=242\" class=\"elementor-icon\" tabindex=\"-1\" aria-label=\"Regulamentos , Instru\u00e7\u00f5es e Orienta\u00e7\u00f5es\">\n\t\t\t\t<i aria-hidden=\"true\" class=\"far fa-newspaper\"><\/i>\t\t\t\t<\/a>\n\t\t\t<\/div>\n\t\t\t\n\t\t\t\t\t\t<div class=\"elementor-icon-box-content\">\n\n\t\t\t\t\t\t\t\t\t<h3 class=\"elementor-icon-box-title\">\n\t\t\t\t\t\t<a href=\"http:\/\/igj.co.mz\/?page_id=242\" >\n\t\t\t\t\t\t\tRegulamentos , Instru\u00e7\u00f5es e Orienta\u00e7\u00f5es\t\t\t\t\t\t<\/a>\n\t\t\t\t\t<\/h3>\n\t\t\t\t\n\t\t\t\t\n\t\t\t<\/div>\n\t\t\t\n\t\t<\/div>\n\t\t\t\t\t\t<\/div>\n\t\t\t\t<\/div>\n\t\t\t\t<div class=\"elementor-element elementor-element-52309cb elementor-position-inline-start elementor-view-default elementor-mobile-position-block-start elementor-widget elementor-widget-icon-box\" data-id=\"52309cb\" data-element_type=\"widget\" data-e-type=\"widget\" data-widget_type=\"icon-box.default\">\n\t\t\t\t<div class=\"elementor-widget-container\">\n\t\t\t\t\t\t\t<div class=\"elementor-icon-box-wrapper\">\n\n\t\t\t\t\t\t<div class=\"elementor-icon-box-icon\">\n\t\t\t\t<a href=\"http:\/\/igj.co.mz\/?page_id=244\" class=\"elementor-icon\" tabindex=\"-1\" aria-label=\"Jogos e Apostas Regulamentados\">\n\t\t\t\t<i aria-hidden=\"true\" class=\"far fa-life-ring\"><\/i>\t\t\t\t<\/a>\n\t\t\t<\/div>\n\t\t\t\n\t\t\t\t\t\t<div class=\"elementor-icon-box-content\">\n\n\t\t\t\t\t\t\t\t\t<h3 class=\"elementor-icon-box-title\">\n\t\t\t\t\t\t<a href=\"http:\/\/igj.co.mz\/?page_id=244\" >\n\t\t\t\t\t\t\tJogos e Apostas Regulamentados\t\t\t\t\t\t<\/a>\n\t\t\t\t\t<\/h3>\n\t\t\t\t\n\t\t\t\t\n\t\t\t<\/div>\n\t\t\t\n\t\t<\/div>\n\t\t\t\t\t\t<\/div>\n\t\t\t\t<\/div>\n\t\t\t\t\t<\/div>\n\t\t<\/div>\n\t\t\t\t<div class=\"elementor-column elementor-col-66 elementor-top-column elementor-element elementor-element-a08c08d\" data-id=\"a08c08d\" data-element_type=\"column\" data-e-type=\"column\">\n\t\t\t<div class=\"elementor-widget-wrap elementor-element-populated\">\n\t\t\t\t\t\t<div class=\"elementor-element elementor-element-8da9dd4 elementor-widget elementor-widget-heading\" data-id=\"8da9dd4\" data-element_type=\"widget\" data-e-type=\"widget\" data-widget_type=\"heading.default\">\n\t\t\t\t<div class=\"elementor-widget-container\">\n\t\t\t\t\t<h2 class=\"elementor-heading-title elementor-size-default\">Jogos Autorizados para explora\u00e7\u00e3o<\/h2>\t\t\t\t<\/div>\n\t\t\t\t<\/div>\n\t\t\t\t<div class=\"elementor-element elementor-element-d191ae0 elementor-widget elementor-widget-text-editor\" data-id=\"d191ae0\" data-element_type=\"widget\" data-e-type=\"widget\" data-widget_type=\"text-editor.default\">\n\t\t\t\t<div class=\"elementor-widget-container\">\n\t\t\t\t\t\t\t\t\t<p><span style=\"color: #000000;\">As modalidades de jogos pelas entidades autorizadas no pa\u00eds s\u00e3o:<\/span><\/p><p><span style=\"color: #000000;\"><strong>Jogos de Casino:<\/strong><\/span><\/p><p><span style=\"color: #000000;\">\u00a0\u00a0 \u2013 Casinos f\u00edsicos, onde s\u00e3o oferecidos jogos como roleta, blackjack, poker (nas variantes de 7, 5, 3) Niu Niu Poker e m\u00e1quinas de fortuna ou azar (<em>slots machines<\/em>)<\/span><\/p><p><span style=\"color: #000000;\"><strong> Jogos de Bingo:<\/strong><\/span><\/p><p style=\"text-align: left;\"><span style=\"color: #000000;\">\u00a0\u00a0 &#8211; Salas de bingo operando de acordo com regulamenta\u00e7\u00f5es espec\u00edficas.<\/span><\/p><p><span style=\"color: #000000;\"><strong> Lotarias:<\/strong><\/span><\/p><p style=\"text-align: left;\"><span style=\"color: #000000;\">\u00a0\u00a0 &#8211; Lotarias nacionais com sorteios regulares, geralmente organizadas por entidades estatais ou autorizadas pelo governo.<\/span><\/p><p><span style=\"color: #000000;\"><strong> Apostas Desportivas:<\/strong><\/span><\/p><p style=\"text-align: left;\"><span style=\"color: #000000;\">\u00a0\u00a0 &#8211; Apostas em eventos desportivos, tanto em locais f\u00edsicos quanto online, abrangendo uma variedade de desportos e competi\u00e7\u00f5es.<\/span><\/p><p><span style=\"color: #000000;\"><strong> Apostas H\u00edpicas:<\/strong><\/span><\/p><p style=\"text-align: left;\"><span style=\"color: #000000;\">\u00a0\u00a0 &#8211; Apostas em corridas de cavalos, embora este tipo de aposta n\u00e3o seja t\u00e3o comum em Mo\u00e7ambique.<\/span><\/p><p><span style=\"color: #000000;\"><strong> Jogos de Azar Online:<\/strong><\/span><\/p><p style=\"text-align: left;\"><span style=\"color: #000000;\">\u00a0\u00a0 &#8211; Incluem apostas desportivas online, poker online, entre outros, desde que operem dentro das leis e regulamenta\u00e7\u00f5es do pa\u00eds.<\/span><\/p><p><span style=\"color: #000000;\"><strong> Rifas e Concursos:<\/strong><\/span><\/p><p style=\"text-align: left;\"><span style=\"color: #000000;\">\u00a0\u00a0 &#8211; Rifas beneficientes e concursos organizados para fins espec\u00edficos, desde que sejam autorizados pela IGJ.<\/span><\/p><p><span style=\"color: #000000;\"><strong> Jogos de Habilidade:<\/strong><\/span><\/p><p style=\"text-align: left;\"><span style=\"color: #000000;\">\u00a0\u00a0 &#8211; Jogos que envolvem habilidade, como determinados tipos de competi\u00e7\u00f5es de poker, desde que regulamentados.<\/span><\/p><p style=\"text-align: left;\"><span style=\"color: #000000;\">Estes tipos de jogos e apostas s\u00e3o regulamentados para garantir a legalidade, seguran\u00e7a, transpar\u00eancia e a prote\u00e7\u00e3o dos jogadores. A regulamenta\u00e7\u00e3o tamb\u00e9m visa prevenir atividades il\u00edcitas, como lavagem de dinheiro, e garantir que uma parte das receitas geradas pelos jogos e apostas contribua para o desenvolvimento do pa\u00eds.<\/span><\/p>\t\t\t\t\t\t\t\t<\/div>\n\t\t\t\t<\/div>\n\t\t\t\t\t<\/div>\n\t\t<\/div>\n\t\t\t\t\t<\/div>\n\t\t<\/section>\n\t\t\t\t<\/div>\n\t\t","protected":false},"excerpt":{"rendered":"<p>In\u00edcio Regime Legal Regulamentos , Instru\u00e7\u00f5es e Orienta\u00e7\u00f5es Jogos e Apostas Regulamentados Jogos Autorizados para explora\u00e7\u00e3o As modalidades de jogos pelas entidades autorizadas no pa\u00eds s\u00e3o: Jogos de Casino: \u00a0\u00a0 \u2013 Casinos f\u00edsicos, onde s\u00e3o oferecidos jogos como roleta, blackjack, poker (nas variantes de 7, 5, 3) Niu Niu Poker e m\u00e1quinas de fortuna ou&hellip;<\/p>\n","protected":false},"author":1,"featured_media":0,"parent":0,"menu_order":0,"comment_status":"closed","ping_status":"closed","template":"","meta":{"footnotes":""},"class_list":["post-244","page","type-page","status-publish","hentry"],"yoast_head":"<!-- This site is optimized with the Yoast SEO plugin v27.2 - https:\/\/yoast.com\/product\/yoast-seo-wordpress\/ -->\n<title>Jogos Autorizados para explora\u00e7\u00e3o -<\/title>\n<meta name=\"robots\" content=\"index, follow, max-snippet:-1, max-image-preview:large, max-video-preview:-1\" \/>\n<link rel=\"canonical\" href=\"https:\/\/igj.co.mz\/?page_id=244\" \/>\n<meta property=\"og:locale\" content=\"pt_PT\" \/>\n<meta property=\"og:type\" content=\"article\" \/>\n<meta property=\"og:title\" content=\"Jogos Autorizados para explora\u00e7\u00e3o -\" \/>\n<meta property=\"og:description\" content=\"In\u00edcio Regime Legal Regulamentos , Instru\u00e7\u00f5es e Orienta\u00e7\u00f5es Jogos e Apostas Regulamentados Jogos Autorizados para explora\u00e7\u00e3o As modalidades de jogos pelas entidades autorizadas no pa\u00eds s\u00e3o: Jogos de Casino: \u00a0\u00a0 \u2013 Casinos f\u00edsicos, onde s\u00e3o oferecidos jogos como roleta, blackjack, poker (nas variantes de 7, 5, 3) Niu Niu Poker e m\u00e1quinas de fortuna ou&hellip;\" \/>\n<meta property=\"og:url\" content=\"https:\/\/igj.co.mz\/?page_id=244\" \/>\n<meta property=\"article:modified_time\" content=\"2025-12-01T12:45:43+00:00\" \/>\n<meta name=\"twitter:card\" content=\"summary_large_image\" \/>\n<meta name=\"twitter:label1\" content=\"Tempo estimado de leitura\" \/>\n\t<meta name=\"twitter:data1\" content=\"2 minutos\" \/>\n<script type=\"application\/ld+json\" class=\"yoast-schema-graph\">{\"@context\":\"https:\/\/schema.org\",\"@graph\":[{\"@type\":\"WebPage\",\"@id\":\"https:\/\/igj.co.mz\/?page_id=244\",\"url\":\"https:\/\/igj.co.mz\/?page_id=244\",\"name\":\"Jogos Autorizados para explora\u00e7\u00e3o -\",\"isPartOf\":{\"@id\":\"https:\/\/igj.co.mz\/#website\"},\"datePublished\":\"2020-03-17T13:01:56+00:00\",\"dateModified\":\"2025-12-01T12:45:43+00:00\",\"breadcrumb\":{\"@id\":\"https:\/\/igj.co.mz\/?page_id=244#breadcrumb\"},\"inLanguage\":\"pt-PT\",\"potentialAction\":[{\"@type\":\"ReadAction\",\"target\":[\"https:\/\/igj.co.mz\/?page_id=244\"]}]},{\"@type\":\"BreadcrumbList\",\"@id\":\"https:\/\/igj.co.mz\/?page_id=244#breadcrumb\",\"itemListElement\":[{\"@type\":\"ListItem\",\"position\":1,\"name\":\"In\u00edcio\",\"item\":\"https:\/\/igj.co.mz\/\"},{\"@type\":\"ListItem\",\"position\":2,\"name\":\"Jogos Autorizados para explora\u00e7\u00e3o\"}]},{\"@type\":\"WebSite\",\"@id\":\"https:\/\/igj.co.mz\/#website\",\"url\":\"https:\/\/igj.co.mz\/\",\"name\":\"\",\"description\":\"\",\"potentialAction\":[{\"@type\":\"SearchAction\",\"target\":{\"@type\":\"EntryPoint\",\"urlTemplate\":\"https:\/\/igj.co.mz\/?s={search_term_string}\"},\"query-input\":{\"@type\":\"PropertyValueSpecification\",\"valueRequired\":true,\"valueName\":\"search_term_string\"}}],\"inLanguage\":\"pt-PT\"}]}<\/script>\n<!-- \/ Yoast SEO plugin. -->","yoast_head_json":{"title":"Jogos Autorizados para explora\u00e7\u00e3o -","robots":{"index":"index","follow":"follow","max-snippet":"max-snippet:-1","max-image-preview":"max-image-preview:large","max-video-preview":"max-video-preview:-1"},"canonical":"https:\/\/igj.co.mz\/?page_id=244","og_locale":"pt_PT","og_type":"article","og_title":"Jogos Autorizados para explora\u00e7\u00e3o -","og_description":"In\u00edcio Regime Legal Regulamentos , Instru\u00e7\u00f5es e Orienta\u00e7\u00f5es Jogos e Apostas Regulamentados Jogos Autorizados para explora\u00e7\u00e3o As modalidades de jogos pelas entidades autorizadas no pa\u00eds s\u00e3o: Jogos de Casino: \u00a0\u00a0 \u2013 Casinos f\u00edsicos, onde s\u00e3o oferecidos jogos como roleta, blackjack, poker (nas variantes de 7, 5, 3) Niu Niu Poker e m\u00e1quinas de fortuna ou&hellip;","og_url":"https:\/\/igj.co.mz\/?page_id=244","article_modified_time":"2025-12-01T12:45:43+00:00","twitter_card":"summary_large_image","twitter_misc":{"Tempo estimado de leitura":"2 minutos"},"schema":{"@context":"https:\/\/schema.org","@graph":[{"@type":"WebPage","@id":"https:\/\/igj.co.mz\/?page_id=244","url":"https:\/\/igj.co.mz\/?page_id=244","name":"Jogos Autorizados para explora\u00e7\u00e3o -","isPartOf":{"@id":"https:\/\/igj.co.mz\/#website"},"datePublished":"2020-03-17T13:01:56+00:00","dateModified":"2025-12-01T12:45:43+00:00","breadcrumb":{"@id":"https:\/\/igj.co.mz\/?page_id=244#breadcrumb"},"inLanguage":"pt-PT","potentialAction":[{"@type":"ReadAction","target":["https:\/\/igj.co.mz\/?page_id=244"]}]},{"@type":"BreadcrumbList","@id":"https:\/\/igj.co.mz\/?page_id=244#breadcrumb","itemListElement":[{"@type":"ListItem","position":1,"name":"In\u00edcio","item":"https:\/\/igj.co.mz\/"},{"@type":"ListItem","position":2,"name":"Jogos Autorizados para explora\u00e7\u00e3o"}]},{"@type":"WebSite","@id":"https:\/\/igj.co.mz\/#website","url":"https:\/\/igj.co.mz\/","name":"","description":"","potentialAction":[{"@type":"SearchAction","target":{"@type":"EntryPoint","urlTemplate":"https:\/\/igj.co.mz\/?s={search_term_string}"},"query-input":{"@type":"PropertyValueSpecification","valueRequired":true,"valueName":"search_term_string"}}],"inLanguage":"pt-PT"}]}},"_links":{"self":[{"href":"https:\/\/igj.co.mz\/index.php?rest_route=\/wp\/v2\/pages\/244","targetHints":{"allow":["GET"]}}],"collection":[{"href":"https:\/\/igj.co.mz\/index.php?rest_route=\/wp\/v2\/pages"}],"about":[{"href":"https:\/\/igj.co.mz\/index.php?rest_route=\/wp\/v2\/types\/page"}],"author":[{"embeddable":true,"href":"https:\/\/igj.co.mz\/index.php?rest_route=\/wp\/v2\/users\/1"}],"replies":[{"embeddable":true,"href":"https:\/\/igj.co.mz\/index.php?rest_route=%2Fwp%2Fv2%2Fcomments&post=244"}],"version-history":[{"count":6,"href":"https:\/\/igj.co.mz\/index.php?rest_route=\/wp\/v2\/pages\/244\/revisions"}],"predecessor-version":[{"id":2565,"href":"https:\/\/igj.co.mz\/index.php?rest_route=\/wp\/v2\/pages\/244\/revisions\/2565"}],"wp:attachment":[{"href":"https:\/\/igj.co.mz\/index.php?rest_route=%2Fwp%2Fv2%2Fmedia&parent=244"}],"curies":[{"name":"wp","href":"https:\/\/api.w.org\/{rel}","templated":true}]}}