{"id":1338,"date":"2022-06-27T05:48:03","date_gmt":"2022-06-27T05:48:03","guid":{"rendered":"https:\/\/igj.co.mz\/?page_id=1338"},"modified":"2024-06-05T21:44:15","modified_gmt":"2024-06-05T21:44:15","slug":"error","status":"publish","type":"page","link":"https:\/\/igj.co.mz\/?page_id=1338","title":{"rendered":"Casinos e salas de m\u00e1quinas"},"content":{"rendered":"\t\t<div data-elementor-type=\"wp-page\" data-elementor-id=\"1338\" class=\"elementor elementor-1338\">\n\t\t\t\t\t\t<section class=\"elementor-section elementor-top-section elementor-element elementor-element-55901a3 elementor-section-boxed elementor-section-height-default elementor-section-height-default\" data-id=\"55901a3\" data-element_type=\"section\" data-e-type=\"section\">\n\t\t\t\t\t\t<div class=\"elementor-container elementor-column-gap-default\">\n\t\t\t\t\t<div class=\"elementor-column elementor-col-33 elementor-top-column elementor-element elementor-element-4a75bb3\" data-id=\"4a75bb3\" data-element_type=\"column\" data-e-type=\"column\">\n\t\t\t<div class=\"elementor-widget-wrap elementor-element-populated\">\n\t\t\t\t\t\t<section class=\"elementor-section elementor-inner-section elementor-element elementor-element-f61dab0 elementor-section-boxed elementor-section-height-default elementor-section-height-default\" data-id=\"f61dab0\" data-element_type=\"section\" data-e-type=\"section\">\n\t\t\t\t\t\t<div class=\"elementor-container elementor-column-gap-default\">\n\t\t\t\t\t<div class=\"elementor-column elementor-col-100 elementor-inner-column elementor-element elementor-element-0eda8a8\" data-id=\"0eda8a8\" data-element_type=\"column\" data-e-type=\"column\">\n\t\t\t<div class=\"elementor-widget-wrap elementor-element-populated\">\n\t\t\t\t\t\t<div class=\"elementor-element elementor-element-7e308af elementor-button-info elementor-align-justify elementor-widget elementor-widget-button\" data-id=\"7e308af\" data-element_type=\"widget\" data-e-type=\"widget\" data-widget_type=\"button.default\">\n\t\t\t\t<div class=\"elementor-widget-container\">\n\t\t\t\t\t\t\t\t\t<div class=\"elementor-button-wrapper\">\n\t\t\t\t\t<a class=\"elementor-button elementor-button-link elementor-size-sm\" href=\"http:\/\/igj.co.mz\">\n\t\t\t\t\t\t<span class=\"elementor-button-content-wrapper\">\n\t\t\t\t\t\t<span class=\"elementor-button-icon\">\n\t\t\t\t<i aria-hidden=\"true\" class=\"fas fa-home\"><\/i>\t\t\t<\/span>\n\t\t\t\t\t\t\t\t\t<span class=\"elementor-button-text\">In\u00edcio<\/span>\n\t\t\t\t\t<\/span>\n\t\t\t\t\t<\/a>\n\t\t\t\t<\/div>\n\t\t\t\t\t\t\t\t<\/div>\n\t\t\t\t<\/div>\n\t\t\t\t\t<\/div>\n\t\t<\/div>\n\t\t\t\t\t<\/div>\n\t\t<\/section>\n\t\t\t\t<section class=\"elementor-section elementor-inner-section elementor-element elementor-element-bcaa72d elementor-section-boxed elementor-section-height-default elementor-section-height-default\" data-id=\"bcaa72d\" data-element_type=\"section\" data-e-type=\"section\">\n\t\t\t\t\t\t<div class=\"elementor-container elementor-column-gap-default\">\n\t\t\t\t\t<div class=\"elementor-column elementor-col-100 elementor-inner-column elementor-element elementor-element-46998d6\" data-id=\"46998d6\" data-element_type=\"column\" data-e-type=\"column\">\n\t\t\t<div class=\"elementor-widget-wrap elementor-element-populated\">\n\t\t\t\t\t\t<div class=\"elementor-element elementor-element-a70946d elementor-button-info elementor-align-justify elementor-widget elementor-widget-button\" data-id=\"a70946d\" data-element_type=\"widget\" data-e-type=\"widget\" data-widget_type=\"button.default\">\n\t\t\t\t<div class=\"elementor-widget-container\">\n\t\t\t\t\t\t\t\t\t<div class=\"elementor-button-wrapper\">\n\t\t\t\t\t<a class=\"elementor-button elementor-button-link elementor-size-sm\" href=\"http:\/\/igj.co.mz\/?page_id=259\">\n\t\t\t\t\t\t<span class=\"elementor-button-content-wrapper\">\n\t\t\t\t\t\t<span class=\"elementor-button-icon\">\n\t\t\t\t<i aria-hidden=\"true\" class=\"fas fa-balance-scale\"><\/i>\t\t\t<\/span>\n\t\t\t\t\t\t\t\t\t<span class=\"elementor-button-text\">Regime Legal<\/span>\n\t\t\t\t\t<\/span>\n\t\t\t\t\t<\/a>\n\t\t\t\t<\/div>\n\t\t\t\t\t\t\t\t<\/div>\n\t\t\t\t<\/div>\n\t\t\t\t\t<\/div>\n\t\t<\/div>\n\t\t\t\t\t<\/div>\n\t\t<\/section>\n\t\t\t\t<section class=\"elementor-section elementor-inner-section elementor-element elementor-element-84baadc elementor-section-boxed elementor-section-height-default elementor-section-height-default\" data-id=\"84baadc\" data-element_type=\"section\" data-e-type=\"section\">\n\t\t\t\t\t\t<div class=\"elementor-container elementor-column-gap-default\">\n\t\t\t\t\t<div class=\"elementor-column elementor-col-100 elementor-inner-column elementor-element elementor-element-7de3f2b\" data-id=\"7de3f2b\" data-element_type=\"column\" data-e-type=\"column\">\n\t\t\t<div class=\"elementor-widget-wrap elementor-element-populated\">\n\t\t\t\t\t\t<div class=\"elementor-element elementor-element-38c399a elementor-button-info elementor-align-justify elementor-widget elementor-widget-button\" data-id=\"38c399a\" data-element_type=\"widget\" data-e-type=\"widget\" data-widget_type=\"button.default\">\n\t\t\t\t<div class=\"elementor-widget-container\">\n\t\t\t\t\t\t\t\t\t<div class=\"elementor-button-wrapper\">\n\t\t\t\t\t<a class=\"elementor-button elementor-button-link elementor-size-sm\" href=\"http:\/\/igj.co.mz\/?page_id=264\">\n\t\t\t\t\t\t<span class=\"elementor-button-content-wrapper\">\n\t\t\t\t\t\t<span class=\"elementor-button-icon\">\n\t\t\t\t<i aria-hidden=\"true\" class=\"fas fa-shapes\"><\/i>\t\t\t<\/span>\n\t\t\t\t\t\t\t\t\t<span class=\"elementor-button-text\">Concession\u00e1rios dos casinos<\/span>\n\t\t\t\t\t<\/span>\n\t\t\t\t\t<\/a>\n\t\t\t\t<\/div>\n\t\t\t\t\t\t\t\t<\/div>\n\t\t\t\t<\/div>\n\t\t\t\t\t<\/div>\n\t\t<\/div>\n\t\t\t\t\t<\/div>\n\t\t<\/section>\n\t\t\t\t<section class=\"elementor-section elementor-inner-section elementor-element elementor-element-612a95f elementor-section-boxed elementor-section-height-default elementor-section-height-default\" data-id=\"612a95f\" data-element_type=\"section\" data-e-type=\"section\">\n\t\t\t\t\t\t<div class=\"elementor-container elementor-column-gap-default\">\n\t\t\t\t\t<div class=\"elementor-column elementor-col-100 elementor-inner-column elementor-element elementor-element-d616f6c\" data-id=\"d616f6c\" data-element_type=\"column\" data-e-type=\"column\">\n\t\t\t<div class=\"elementor-widget-wrap elementor-element-populated\">\n\t\t\t\t\t\t<div class=\"elementor-element elementor-element-a44514d elementor-button-info elementor-align-justify elementor-widget elementor-widget-button\" data-id=\"a44514d\" data-element_type=\"widget\" data-e-type=\"widget\" data-widget_type=\"button.default\">\n\t\t\t\t<div class=\"elementor-widget-container\">\n\t\t\t\t\t\t\t\t\t<div class=\"elementor-button-wrapper\">\n\t\t\t\t\t<a class=\"elementor-button elementor-button-link elementor-size-sm\" href=\"http:\/\/igj.co.mz\/?page_id=266\">\n\t\t\t\t\t\t<span class=\"elementor-button-content-wrapper\">\n\t\t\t\t\t\t<span class=\"elementor-button-icon\">\n\t\t\t\t<i aria-hidden=\"true\" class=\"fas fa-boxes\"><\/i>\t\t\t<\/span>\n\t\t\t\t\t\t\t\t\t<span class=\"elementor-button-text\">Concession\u00e1rios de bingos<\/span>\n\t\t\t\t\t<\/span>\n\t\t\t\t\t<\/a>\n\t\t\t\t<\/div>\n\t\t\t\t\t\t\t\t<\/div>\n\t\t\t\t<\/div>\n\t\t\t\t\t<\/div>\n\t\t<\/div>\n\t\t\t\t\t<\/div>\n\t\t<\/section>\n\t\t\t\t\t<\/div>\n\t\t<\/div>\n\t\t\t\t<div class=\"elementor-column elementor-col-66 elementor-top-column elementor-element elementor-element-ff03e32\" data-id=\"ff03e32\" data-element_type=\"column\" data-e-type=\"column\">\n\t\t\t<div class=\"elementor-widget-wrap elementor-element-populated\">\n\t\t\t\t\t\t<div class=\"elementor-element elementor-element-42557b1 elementor-widget elementor-widget-text-editor\" data-id=\"42557b1\" data-element_type=\"widget\" data-e-type=\"widget\" data-widget_type=\"text-editor.default\">\n\t\t\t\t<div class=\"elementor-widget-container\">\n\t\t\t\t\t\t\t\t\t<p><span style=\"color: #000000;\">Casinos s\u00e3o estabelecimentos onde as pessoas podem participar de jogos de azar, apostando dinheiro em diversas modalidades de jogos com o objetivo de ganhar pr\u00eamios em dinheiro. Esses jogos podem incluir:<\/span><\/p>\n<p><span style=\"color: #000000;\"><b>1. M\u00e1quinas ca\u00e7a-n\u00edqueis (slots):<\/b> Jogos eletr\u00f4nicos onde os jogadores inserem dinheiro e giram os rolos, tentando alinhar s\u00edmbolos para ganhar pr\u00eamios.<\/span><br \/><span style=\"color: #000000;\"><b>2. Jogos de cartas:<\/b> Como Poker, Blackjack, Baccarat, entre outros, onde os jogadores competem entre si ou contra a casa.<\/span><br \/><span style=\"color: #000000;\"><b>3. Roleta:<\/b> Um jogo de mesa onde os jogadores apostam em n\u00fameros ou cores e uma bola \u00e9 girada em uma roda numerada para determinar o vencedor.<\/span><br \/><span style=\"color: #000000;\"><b>4. Dados:<\/b> Um jogo de mesa onde os jogadores fazem apostas sobre o resultado do lan\u00e7amento de dois dados.<\/span><br \/><span style=\"color: #000000;\"><b>5. Keno e bingo:<\/b> Jogos baseados em sorteios de n\u00fameros, onde os jogadores tentam prever os n\u00fameros que ser\u00e3o sorteados.<\/span><\/p>\t\t\t\t\t\t\t\t<\/div>\n\t\t\t\t<\/div>\n\t\t\t\t\t<\/div>\n\t\t<\/div>\n\t\t\t\t\t<\/div>\n\t\t<\/section>\n\t\t\t\t<\/div>\n\t\t","protected":false},"excerpt":{"rendered":"<p>In\u00edcio Regime Legal Concession\u00e1rios dos casinos Concession\u00e1rios de bingos Casinos s\u00e3o estabelecimentos onde as pessoas podem participar de jogos de azar, apostando dinheiro em diversas modalidades de jogos com o objetivo de ganhar pr\u00eamios em dinheiro. Esses jogos podem incluir: 1. M\u00e1quinas ca\u00e7a-n\u00edqueis (slots): Jogos eletr\u00f4nicos onde os jogadores inserem dinheiro e giram os rolos,&hellip;<\/p>\n","protected":false},"author":2,"featured_media":0,"parent":0,"menu_order":0,"comment_status":"closed","ping_status":"closed","template":"","meta":{"footnotes":""},"class_list":["post-1338","page","type-page","status-publish","hentry"],"yoast_head":"<!-- This site is optimized with the Yoast SEO plugin v27.2 - https:\/\/yoast.com\/product\/yoast-seo-wordpress\/ -->\n<title>Casinos e salas de m\u00e1quinas -<\/title>\n<meta name=\"robots\" content=\"index, follow, max-snippet:-1, max-image-preview:large, max-video-preview:-1\" \/>\n<link rel=\"canonical\" href=\"http:\/\/igj.co.mz\/?page_id=1338\" \/>\n<meta property=\"og:locale\" content=\"pt_PT\" \/>\n<meta property=\"og:type\" content=\"article\" \/>\n<meta property=\"og:title\" content=\"Casinos e salas de m\u00e1quinas -\" \/>\n<meta property=\"og:description\" content=\"In\u00edcio Regime Legal Concession\u00e1rios dos casinos Concession\u00e1rios de bingos Casinos s\u00e3o estabelecimentos onde as pessoas podem participar de jogos de azar, apostando dinheiro em diversas modalidades de jogos com o objetivo de ganhar pr\u00eamios em dinheiro. Esses jogos podem incluir: 1. M\u00e1quinas ca\u00e7a-n\u00edqueis (slots): Jogos eletr\u00f4nicos onde os jogadores inserem dinheiro e giram os rolos,&hellip;\" \/>\n<meta property=\"og:url\" content=\"http:\/\/igj.co.mz\/?page_id=1338\" \/>\n<meta property=\"article:modified_time\" content=\"2024-06-05T21:44:15+00:00\" \/>\n<meta name=\"twitter:card\" content=\"summary_large_image\" \/>\n<meta name=\"twitter:label1\" content=\"Tempo estimado de leitura\" \/>\n\t<meta name=\"twitter:data1\" content=\"1 minuto\" \/>\n<script type=\"application\/ld+json\" class=\"yoast-schema-graph\">{\"@context\":\"https:\/\/schema.org\",\"@graph\":[{\"@type\":\"WebPage\",\"@id\":\"http:\/\/igj.co.mz\/?page_id=1338\",\"url\":\"http:\/\/igj.co.mz\/?page_id=1338\",\"name\":\"Casinos e salas de m\u00e1quinas -\",\"isPartOf\":{\"@id\":\"https:\/\/igj.co.mz\/#website\"},\"datePublished\":\"2022-06-27T05:48:03+00:00\",\"dateModified\":\"2024-06-05T21:44:15+00:00\",\"breadcrumb\":{\"@id\":\"http:\/\/igj.co.mz\/?page_id=1338#breadcrumb\"},\"inLanguage\":\"pt-PT\",\"potentialAction\":[{\"@type\":\"ReadAction\",\"target\":[\"http:\/\/igj.co.mz\/?page_id=1338\"]}]},{\"@type\":\"BreadcrumbList\",\"@id\":\"http:\/\/igj.co.mz\/?page_id=1338#breadcrumb\",\"itemListElement\":[{\"@type\":\"ListItem\",\"position\":1,\"name\":\"In\u00edcio\",\"item\":\"https:\/\/igj.co.mz\/\"},{\"@type\":\"ListItem\",\"position\":2,\"name\":\"Casinos e salas de m\u00e1quinas\"}]},{\"@type\":\"WebSite\",\"@id\":\"https:\/\/igj.co.mz\/#website\",\"url\":\"https:\/\/igj.co.mz\/\",\"name\":\"\",\"description\":\"\",\"potentialAction\":[{\"@type\":\"SearchAction\",\"target\":{\"@type\":\"EntryPoint\",\"urlTemplate\":\"https:\/\/igj.co.mz\/?s={search_term_string}\"},\"query-input\":{\"@type\":\"PropertyValueSpecification\",\"valueRequired\":true,\"valueName\":\"search_term_string\"}}],\"inLanguage\":\"pt-PT\"}]}<\/script>\n<!-- \/ Yoast SEO plugin. -->","yoast_head_json":{"title":"Casinos e salas de m\u00e1quinas -","robots":{"index":"index","follow":"follow","max-snippet":"max-snippet:-1","max-image-preview":"max-image-preview:large","max-video-preview":"max-video-preview:-1"},"canonical":"http:\/\/igj.co.mz\/?page_id=1338","og_locale":"pt_PT","og_type":"article","og_title":"Casinos e salas de m\u00e1quinas -","og_description":"In\u00edcio Regime Legal Concession\u00e1rios dos casinos Concession\u00e1rios de bingos Casinos s\u00e3o estabelecimentos onde as pessoas podem participar de jogos de azar, apostando dinheiro em diversas modalidades de jogos com o objetivo de ganhar pr\u00eamios em dinheiro. Esses jogos podem incluir: 1. M\u00e1quinas ca\u00e7a-n\u00edqueis (slots): Jogos eletr\u00f4nicos onde os jogadores inserem dinheiro e giram os rolos,&hellip;","og_url":"http:\/\/igj.co.mz\/?page_id=1338","article_modified_time":"2024-06-05T21:44:15+00:00","twitter_card":"summary_large_image","twitter_misc":{"Tempo estimado de leitura":"1 minuto"},"schema":{"@context":"https:\/\/schema.org","@graph":[{"@type":"WebPage","@id":"http:\/\/igj.co.mz\/?page_id=1338","url":"http:\/\/igj.co.mz\/?page_id=1338","name":"Casinos e salas de m\u00e1quinas -","isPartOf":{"@id":"https:\/\/igj.co.mz\/#website"},"datePublished":"2022-06-27T05:48:03+00:00","dateModified":"2024-06-05T21:44:15+00:00","breadcrumb":{"@id":"http:\/\/igj.co.mz\/?page_id=1338#breadcrumb"},"inLanguage":"pt-PT","potentialAction":[{"@type":"ReadAction","target":["http:\/\/igj.co.mz\/?page_id=1338"]}]},{"@type":"BreadcrumbList","@id":"http:\/\/igj.co.mz\/?page_id=1338#breadcrumb","itemListElement":[{"@type":"ListItem","position":1,"name":"In\u00edcio","item":"https:\/\/igj.co.mz\/"},{"@type":"ListItem","position":2,"name":"Casinos e salas de m\u00e1quinas"}]},{"@type":"WebSite","@id":"https:\/\/igj.co.mz\/#website","url":"https:\/\/igj.co.mz\/","name":"","description":"","potentialAction":[{"@type":"SearchAction","target":{"@type":"EntryPoint","urlTemplate":"https:\/\/igj.co.mz\/?s={search_term_string}"},"query-input":{"@type":"PropertyValueSpecification","valueRequired":true,"valueName":"search_term_string"}}],"inLanguage":"pt-PT"}]}},"_links":{"self":[{"href":"https:\/\/igj.co.mz\/index.php?rest_route=\/wp\/v2\/pages\/1338","targetHints":{"allow":["GET"]}}],"collection":[{"href":"https:\/\/igj.co.mz\/index.php?rest_route=\/wp\/v2\/pages"}],"about":[{"href":"https:\/\/igj.co.mz\/index.php?rest_route=\/wp\/v2\/types\/page"}],"author":[{"embeddable":true,"href":"https:\/\/igj.co.mz\/index.php?rest_route=\/wp\/v2\/users\/2"}],"replies":[{"embeddable":true,"href":"https:\/\/igj.co.mz\/index.php?rest_route=%2Fwp%2Fv2%2Fcomments&post=1338"}],"version-history":[{"count":0,"href":"https:\/\/igj.co.mz\/index.php?rest_route=\/wp\/v2\/pages\/1338\/revisions"}],"wp:attachment":[{"href":"https:\/\/igj.co.mz\/index.php?rest_route=%2Fwp%2Fv2%2Fmedia&parent=1338"}],"curies":[{"name":"wp","href":"https:\/\/api.w.org\/{rel}","templated":true}]}}