{"id":108,"date":"2020-03-17T09:22:08","date_gmt":"2020-03-17T09:22:08","guid":{"rendered":"http:\/\/igj.co.mz\/?page_id=108"},"modified":"2020-03-22T15:08:08","modified_gmt":"2020-03-22T15:08:08","slug":"organizacao","status":"publish","type":"page","link":"https:\/\/igj.co.mz\/?page_id=108","title":{"rendered":"Organiza\u00e7\u00e3o"},"content":{"rendered":"\t\t<div data-elementor-type=\"wp-page\" data-elementor-id=\"108\" class=\"elementor elementor-108\">\n\t\t\t\t\t\t<section class=\"elementor-section elementor-top-section elementor-element elementor-element-1ce07f4 elementor-section-boxed elementor-section-height-default elementor-section-height-default\" data-id=\"1ce07f4\" data-element_type=\"section\" data-e-type=\"section\">\n\t\t\t\t\t\t<div class=\"elementor-container elementor-column-gap-default\">\n\t\t\t\t\t<div class=\"elementor-column elementor-col-33 elementor-top-column elementor-element elementor-element-6535feb\" data-id=\"6535feb\" data-element_type=\"column\" data-e-type=\"column\">\n\t\t\t<div class=\"elementor-widget-wrap elementor-element-populated\">\n\t\t\t\t\t\t<div class=\"elementor-element elementor-element-4254387 elementor-position-inline-start elementor-view-default elementor-mobile-position-block-start elementor-widget elementor-widget-icon-box\" data-id=\"4254387\" data-element_type=\"widget\" data-e-type=\"widget\" data-widget_type=\"icon-box.default\">\n\t\t\t\t<div class=\"elementor-widget-container\">\n\t\t\t\t\t\t\t<div class=\"elementor-icon-box-wrapper\">\n\n\t\t\t\t\t\t<div class=\"elementor-icon-box-icon\">\n\t\t\t\t<a href=\"http:\/\/igj.co.mz\/\" class=\"elementor-icon\" tabindex=\"-1\" aria-label=\"In\u00edcio\">\n\t\t\t\t<i aria-hidden=\"true\" class=\"fas fa-house-damage\"><\/i>\t\t\t\t<\/a>\n\t\t\t<\/div>\n\t\t\t\n\t\t\t\t\t\t<div class=\"elementor-icon-box-content\">\n\n\t\t\t\t\t\t\t\t\t<h3 class=\"elementor-icon-box-title\">\n\t\t\t\t\t\t<a href=\"http:\/\/igj.co.mz\/\" >\n\t\t\t\t\t\t\tIn\u00edcio\t\t\t\t\t\t<\/a>\n\t\t\t\t\t<\/h3>\n\t\t\t\t\n\t\t\t\t\n\t\t\t<\/div>\n\t\t\t\n\t\t<\/div>\n\t\t\t\t\t\t<\/div>\n\t\t\t\t<\/div>\n\t\t\t\t<div class=\"elementor-element elementor-element-8779cf4 elementor-position-inline-start elementor-view-default elementor-mobile-position-block-start elementor-widget elementor-widget-icon-box\" data-id=\"8779cf4\" data-element_type=\"widget\" data-e-type=\"widget\" data-widget_type=\"icon-box.default\">\n\t\t\t\t<div class=\"elementor-widget-container\">\n\t\t\t\t\t\t\t<div class=\"elementor-icon-box-wrapper\">\n\n\t\t\t\t\t\t<div class=\"elementor-icon-box-icon\">\n\t\t\t\t<a href=\"http:\/\/igj.co.mz\/?page_id=108\" class=\"elementor-icon\" tabindex=\"-1\" aria-label=\"Miss\u00e3o\">\n\t\t\t\t<i aria-hidden=\"true\" class=\"fas fa-th\"><\/i>\t\t\t\t<\/a>\n\t\t\t<\/div>\n\t\t\t\n\t\t\t\t\t\t<div class=\"elementor-icon-box-content\">\n\n\t\t\t\t\t\t\t\t\t<h3 class=\"elementor-icon-box-title\">\n\t\t\t\t\t\t<a href=\"http:\/\/igj.co.mz\/?page_id=108\" >\n\t\t\t\t\t\t\tMiss\u00e3o\t\t\t\t\t\t<\/a>\n\t\t\t\t\t<\/h3>\n\t\t\t\t\n\t\t\t\t\n\t\t\t<\/div>\n\t\t\t\n\t\t<\/div>\n\t\t\t\t\t\t<\/div>\n\t\t\t\t<\/div>\n\t\t\t\t<div class=\"elementor-element elementor-element-580e933 elementor-position-inline-start elementor-view-default elementor-mobile-position-block-start elementor-widget elementor-widget-icon-box\" data-id=\"580e933\" data-element_type=\"widget\" data-e-type=\"widget\" data-widget_type=\"icon-box.default\">\n\t\t\t\t<div class=\"elementor-widget-container\">\n\t\t\t\t\t\t\t<div class=\"elementor-icon-box-wrapper\">\n\n\t\t\t\t\t\t<div class=\"elementor-icon-box-icon\">\n\t\t\t\t<a href=\"http:\/\/igj.co.mz\/?page_id=234\" class=\"elementor-icon\" tabindex=\"-1\" aria-label=\"Links \u00fateis\">\n\t\t\t\t<i aria-hidden=\"true\" class=\"far fa-address-card\"><\/i>\t\t\t\t<\/a>\n\t\t\t<\/div>\n\t\t\t\n\t\t\t\t\t\t<div class=\"elementor-icon-box-content\">\n\n\t\t\t\t\t\t\t\t\t<h3 class=\"elementor-icon-box-title\">\n\t\t\t\t\t\t<a href=\"http:\/\/igj.co.mz\/?page_id=234\" >\n\t\t\t\t\t\t\tLinks \u00fateis\t\t\t\t\t\t<\/a>\n\t\t\t\t\t<\/h3>\n\t\t\t\t\n\t\t\t\t\n\t\t\t<\/div>\n\t\t\t\n\t\t<\/div>\n\t\t\t\t\t\t<\/div>\n\t\t\t\t<\/div>\n\t\t\t\t<div class=\"elementor-element elementor-element-b78d08d elementor-position-inline-start elementor-view-default elementor-mobile-position-block-start elementor-widget elementor-widget-icon-box\" data-id=\"b78d08d\" data-element_type=\"widget\" data-e-type=\"widget\" data-widget_type=\"icon-box.default\">\n\t\t\t\t<div class=\"elementor-widget-container\">\n\t\t\t\t\t\t\t<div class=\"elementor-icon-box-wrapper\">\n\n\t\t\t\t\t\t<div class=\"elementor-icon-box-icon\">\n\t\t\t\t<a href=\"http:\/\/igj.co.mz\/?page_id=67\" class=\"elementor-icon\" tabindex=\"-1\" aria-label=\"Contactos\">\n\t\t\t\t<i aria-hidden=\"true\" class=\"fas fa-map-marker-alt\"><\/i>\t\t\t\t<\/a>\n\t\t\t<\/div>\n\t\t\t\n\t\t\t\t\t\t<div class=\"elementor-icon-box-content\">\n\n\t\t\t\t\t\t\t\t\t<h3 class=\"elementor-icon-box-title\">\n\t\t\t\t\t\t<a href=\"http:\/\/igj.co.mz\/?page_id=67\" >\n\t\t\t\t\t\t\tContactos\t\t\t\t\t\t<\/a>\n\t\t\t\t\t<\/h3>\n\t\t\t\t\n\t\t\t\t\n\t\t\t<\/div>\n\t\t\t\n\t\t<\/div>\n\t\t\t\t\t\t<\/div>\n\t\t\t\t<\/div>\n\t\t\t\t\t<\/div>\n\t\t<\/div>\n\t\t\t\t<div class=\"elementor-column elementor-col-66 elementor-top-column elementor-element elementor-element-4b94b14\" data-id=\"4b94b14\" data-element_type=\"column\" data-e-type=\"column\">\n\t\t\t<div class=\"elementor-widget-wrap elementor-element-populated\">\n\t\t\t\t\t\t<div class=\"elementor-element elementor-element-f439961 elementor-widget elementor-widget-heading\" data-id=\"f439961\" data-element_type=\"widget\" data-e-type=\"widget\" data-widget_type=\"heading.default\">\n\t\t\t\t<div class=\"elementor-widget-container\">\n\t\t\t\t\t<h2 class=\"elementor-heading-title elementor-size-default\">SERVI\u00c7OS ESSENCIAIS<\/h2>\t\t\t\t<\/div>\n\t\t\t\t<\/div>\n\t\t\t\t<div class=\"elementor-element elementor-element-90c96a5 elementor-widget elementor-widget-text-editor\" data-id=\"90c96a5\" data-element_type=\"widget\" data-e-type=\"widget\" data-widget_type=\"text-editor.default\">\n\t\t\t\t<div class=\"elementor-widget-container\">\n\t\t\t\t\t\t\t\t\t<ul><li>Exercer a fun\u00e7\u00e3o fiscalizadora, de inspec\u00e7\u00e3o, de auditoria, de estudo e controlo;<\/li><li>Reprimir a pr\u00e1tica de actos contr\u00e1rios \u00e0 legisla\u00e7\u00e3o sobre jogos;<\/li><li>Emitir parecer sobre as caracter\u00edsticas de equipamentos destinados \u00e0 utiliza\u00e7\u00e3o na explora\u00e7\u00e3o de jogos de fortuna ou azar e jogos sociais e de divers\u00e3o, bem como a fiscaliza\u00e7\u00e3o da sua explora\u00e7\u00e3o;<\/li><li>Prestar apoio t\u00e9cnico \u00e0 Comiss\u00e3o Nacional de Jogos;<\/li><li>Informar e alertar os investidores proponentes de projectos de desenvolvimento de explora\u00e7\u00e3o de jogos de fortuna ou azar e jogos sociais e de divers\u00e3o no Pa\u00eds, bem como os concession\u00e1rios j\u00e1 licenciados, sobre a regulamenta\u00e7\u00e3o que rege a mat\u00e9ria de jogos de fortuna ou azar no territ\u00f3rio nacional;<\/li><li>Emitir pareceres sobre propostas recebidas de candidatos a concession\u00e1rias ou outras entidades para explora\u00e7\u00e3o de jogos de fortuna ou azar, bem como de propostas de altera\u00e7\u00f5es a regulamenta\u00e7\u00e3o de jogos;<\/li><li>Emitir e determinar orienta\u00e7\u00f5es, instru\u00e7\u00f5es e adapta\u00e7\u00f5es sobre regras e normas do processo e opera\u00e7\u00f5es de desenvolvimento e funcionamento de empreendimentos de explora\u00e7\u00e3o de jogos de fortuna ou azar e jogos sociais e de divers\u00e3o;<\/li><li>Licenciar a actividade de explora\u00e7\u00e3o de jogos sociais e de divers\u00e3o.<\/li><li>Exercer outras compet\u00eancias determinadas por lei.<\/li><\/ul>\t\t\t\t\t\t\t\t<\/div>\n\t\t\t\t<\/div>\n\t\t\t\t\t<\/div>\n\t\t<\/div>\n\t\t\t\t\t<\/div>\n\t\t<\/section>\n\t\t\t\t<\/div>\n\t\t","protected":false},"excerpt":{"rendered":"<p>In\u00edcio Miss\u00e3o Links \u00fateis Contactos SERVI\u00c7OS ESSENCIAIS Exercer a fun\u00e7\u00e3o fiscalizadora, de inspec\u00e7\u00e3o, de auditoria, de estudo e controlo; Reprimir a pr\u00e1tica de actos contr\u00e1rios \u00e0 legisla\u00e7\u00e3o sobre jogos; Emitir parecer sobre as caracter\u00edsticas de equipamentos destinados \u00e0 utiliza\u00e7\u00e3o na explora\u00e7\u00e3o de jogos de fortuna ou azar e jogos sociais e de divers\u00e3o, bem como&hellip;<\/p>\n","protected":false},"author":1,"featured_media":0,"parent":0,"menu_order":0,"comment_status":"closed","ping_status":"closed","template":"","meta":{"footnotes":""},"class_list":["post-108","page","type-page","status-publish","hentry"],"yoast_head":"<!-- This site is optimized with the Yoast SEO plugin v27.2 - https:\/\/yoast.com\/product\/yoast-seo-wordpress\/ -->\n<title>Organiza\u00e7\u00e3o -<\/title>\n<meta name=\"robots\" content=\"index, follow, max-snippet:-1, max-image-preview:large, max-video-preview:-1\" \/>\n<link rel=\"canonical\" href=\"https:\/\/igj.co.mz\/?page_id=108\" \/>\n<meta property=\"og:locale\" content=\"pt_PT\" \/>\n<meta property=\"og:type\" content=\"article\" \/>\n<meta property=\"og:title\" content=\"Organiza\u00e7\u00e3o -\" \/>\n<meta property=\"og:description\" content=\"In\u00edcio Miss\u00e3o Links \u00fateis Contactos SERVI\u00c7OS ESSENCIAIS Exercer a fun\u00e7\u00e3o fiscalizadora, de inspec\u00e7\u00e3o, de auditoria, de estudo e controlo; Reprimir a pr\u00e1tica de actos contr\u00e1rios \u00e0 legisla\u00e7\u00e3o sobre jogos; Emitir parecer sobre as caracter\u00edsticas de equipamentos destinados \u00e0 utiliza\u00e7\u00e3o na explora\u00e7\u00e3o de jogos de fortuna ou azar e jogos sociais e de divers\u00e3o, bem como&hellip;\" \/>\n<meta property=\"og:url\" content=\"https:\/\/igj.co.mz\/?page_id=108\" \/>\n<meta property=\"article:modified_time\" content=\"2020-03-22T15:08:08+00:00\" \/>\n<meta name=\"twitter:card\" content=\"summary_large_image\" \/>\n<meta name=\"twitter:label1\" content=\"Tempo estimado de leitura\" \/>\n\t<meta name=\"twitter:data1\" content=\"1 minuto\" \/>\n<script type=\"application\/ld+json\" class=\"yoast-schema-graph\">{\"@context\":\"https:\/\/schema.org\",\"@graph\":[{\"@type\":\"WebPage\",\"@id\":\"https:\/\/igj.co.mz\/?page_id=108\",\"url\":\"https:\/\/igj.co.mz\/?page_id=108\",\"name\":\"Organiza\u00e7\u00e3o -\",\"isPartOf\":{\"@id\":\"https:\/\/igj.co.mz\/#website\"},\"datePublished\":\"2020-03-17T09:22:08+00:00\",\"dateModified\":\"2020-03-22T15:08:08+00:00\",\"breadcrumb\":{\"@id\":\"https:\/\/igj.co.mz\/?page_id=108#breadcrumb\"},\"inLanguage\":\"pt-PT\",\"potentialAction\":[{\"@type\":\"ReadAction\",\"target\":[\"https:\/\/igj.co.mz\/?page_id=108\"]}]},{\"@type\":\"BreadcrumbList\",\"@id\":\"https:\/\/igj.co.mz\/?page_id=108#breadcrumb\",\"itemListElement\":[{\"@type\":\"ListItem\",\"position\":1,\"name\":\"In\u00edcio\",\"item\":\"https:\/\/igj.co.mz\/\"},{\"@type\":\"ListItem\",\"position\":2,\"name\":\"Organiza\u00e7\u00e3o\"}]},{\"@type\":\"WebSite\",\"@id\":\"https:\/\/igj.co.mz\/#website\",\"url\":\"https:\/\/igj.co.mz\/\",\"name\":\"\",\"description\":\"\",\"potentialAction\":[{\"@type\":\"SearchAction\",\"target\":{\"@type\":\"EntryPoint\",\"urlTemplate\":\"https:\/\/igj.co.mz\/?s={search_term_string}\"},\"query-input\":{\"@type\":\"PropertyValueSpecification\",\"valueRequired\":true,\"valueName\":\"search_term_string\"}}],\"inLanguage\":\"pt-PT\"}]}<\/script>\n<!-- \/ Yoast SEO plugin. -->","yoast_head_json":{"title":"Organiza\u00e7\u00e3o -","robots":{"index":"index","follow":"follow","max-snippet":"max-snippet:-1","max-image-preview":"max-image-preview:large","max-video-preview":"max-video-preview:-1"},"canonical":"https:\/\/igj.co.mz\/?page_id=108","og_locale":"pt_PT","og_type":"article","og_title":"Organiza\u00e7\u00e3o -","og_description":"In\u00edcio Miss\u00e3o Links \u00fateis Contactos SERVI\u00c7OS ESSENCIAIS Exercer a fun\u00e7\u00e3o fiscalizadora, de inspec\u00e7\u00e3o, de auditoria, de estudo e controlo; Reprimir a pr\u00e1tica de actos contr\u00e1rios \u00e0 legisla\u00e7\u00e3o sobre jogos; Emitir parecer sobre as caracter\u00edsticas de equipamentos destinados \u00e0 utiliza\u00e7\u00e3o na explora\u00e7\u00e3o de jogos de fortuna ou azar e jogos sociais e de divers\u00e3o, bem como&hellip;","og_url":"https:\/\/igj.co.mz\/?page_id=108","article_modified_time":"2020-03-22T15:08:08+00:00","twitter_card":"summary_large_image","twitter_misc":{"Tempo estimado de leitura":"1 minuto"},"schema":{"@context":"https:\/\/schema.org","@graph":[{"@type":"WebPage","@id":"https:\/\/igj.co.mz\/?page_id=108","url":"https:\/\/igj.co.mz\/?page_id=108","name":"Organiza\u00e7\u00e3o -","isPartOf":{"@id":"https:\/\/igj.co.mz\/#website"},"datePublished":"2020-03-17T09:22:08+00:00","dateModified":"2020-03-22T15:08:08+00:00","breadcrumb":{"@id":"https:\/\/igj.co.mz\/?page_id=108#breadcrumb"},"inLanguage":"pt-PT","potentialAction":[{"@type":"ReadAction","target":["https:\/\/igj.co.mz\/?page_id=108"]}]},{"@type":"BreadcrumbList","@id":"https:\/\/igj.co.mz\/?page_id=108#breadcrumb","itemListElement":[{"@type":"ListItem","position":1,"name":"In\u00edcio","item":"https:\/\/igj.co.mz\/"},{"@type":"ListItem","position":2,"name":"Organiza\u00e7\u00e3o"}]},{"@type":"WebSite","@id":"https:\/\/igj.co.mz\/#website","url":"https:\/\/igj.co.mz\/","name":"","description":"","potentialAction":[{"@type":"SearchAction","target":{"@type":"EntryPoint","urlTemplate":"https:\/\/igj.co.mz\/?s={search_term_string}"},"query-input":{"@type":"PropertyValueSpecification","valueRequired":true,"valueName":"search_term_string"}}],"inLanguage":"pt-PT"}]}},"_links":{"self":[{"href":"https:\/\/igj.co.mz\/index.php?rest_route=\/wp\/v2\/pages\/108","targetHints":{"allow":["GET"]}}],"collection":[{"href":"https:\/\/igj.co.mz\/index.php?rest_route=\/wp\/v2\/pages"}],"about":[{"href":"https:\/\/igj.co.mz\/index.php?rest_route=\/wp\/v2\/types\/page"}],"author":[{"embeddable":true,"href":"https:\/\/igj.co.mz\/index.php?rest_route=\/wp\/v2\/users\/1"}],"replies":[{"embeddable":true,"href":"https:\/\/igj.co.mz\/index.php?rest_route=%2Fwp%2Fv2%2Fcomments&post=108"}],"version-history":[{"count":0,"href":"https:\/\/igj.co.mz\/index.php?rest_route=\/wp\/v2\/pages\/108\/revisions"}],"wp:attachment":[{"href":"https:\/\/igj.co.mz\/index.php?rest_route=%2Fwp%2Fv2%2Fmedia&parent=108"}],"curies":[{"name":"wp","href":"https:\/\/api.w.org\/{rel}","templated":true}]}}