{"id":1026,"date":"2020-06-05T10:55:54","date_gmt":"2020-06-05T10:55:54","guid":{"rendered":"http:\/\/igj.co.mz\/?page_id=1026"},"modified":"2025-12-01T12:40:50","modified_gmt":"2025-12-01T12:40:50","slug":"entidades-licenciadas-2","status":"publish","type":"page","link":"https:\/\/igj.co.mz\/?page_id=1026","title":{"rendered":"Entidades Licenciadas"},"content":{"rendered":"\t\t<div data-elementor-type=\"wp-page\" data-elementor-id=\"1026\" class=\"elementor elementor-1026\">\n\t\t\t\t\t\t<section class=\"elementor-section elementor-top-section elementor-element elementor-element-348c98d elementor-section-boxed elementor-section-height-default elementor-section-height-default\" data-id=\"348c98d\" data-element_type=\"section\" data-e-type=\"section\">\n\t\t\t\t\t\t<div class=\"elementor-container elementor-column-gap-default\">\n\t\t\t\t\t<div class=\"elementor-column elementor-col-33 elementor-top-column elementor-element elementor-element-7841e23\" data-id=\"7841e23\" data-element_type=\"column\" data-e-type=\"column\">\n\t\t\t<div class=\"elementor-widget-wrap elementor-element-populated\">\n\t\t\t\t\t\t<div class=\"elementor-element elementor-element-d611b82 elementor-position-inline-start elementor-view-default elementor-mobile-position-block-start elementor-widget elementor-widget-icon-box\" data-id=\"d611b82\" data-element_type=\"widget\" data-e-type=\"widget\" data-widget_type=\"icon-box.default\">\n\t\t\t\t<div class=\"elementor-widget-container\">\n\t\t\t\t\t\t\t<div class=\"elementor-icon-box-wrapper\">\n\n\t\t\t\t\t\t<div class=\"elementor-icon-box-icon\">\n\t\t\t\t<a href=\"http:\/\/igj.co.mz\/\" class=\"elementor-icon\" tabindex=\"-1\" aria-label=\"In\u00edcio\">\n\t\t\t\t<i aria-hidden=\"true\" class=\"fas fa-house-damage\"><\/i>\t\t\t\t<\/a>\n\t\t\t<\/div>\n\t\t\t\n\t\t\t\t\t\t<div class=\"elementor-icon-box-content\">\n\n\t\t\t\t\t\t\t\t\t<h3 class=\"elementor-icon-box-title\">\n\t\t\t\t\t\t<a href=\"http:\/\/igj.co.mz\/\" >\n\t\t\t\t\t\t\tIn\u00edcio\t\t\t\t\t\t<\/a>\n\t\t\t\t\t<\/h3>\n\t\t\t\t\n\t\t\t\t\n\t\t\t<\/div>\n\t\t\t\n\t\t<\/div>\n\t\t\t\t\t\t<\/div>\n\t\t\t\t<\/div>\n\t\t\t\t<div class=\"elementor-element elementor-element-ac48882 elementor-position-inline-start elementor-view-default elementor-mobile-position-block-start elementor-widget elementor-widget-icon-box\" data-id=\"ac48882\" data-element_type=\"widget\" data-e-type=\"widget\" data-widget_type=\"icon-box.default\">\n\t\t\t\t<div class=\"elementor-widget-container\">\n\t\t\t\t\t\t\t<div class=\"elementor-icon-box-wrapper\">\n\n\t\t\t\t\t\t<div class=\"elementor-icon-box-icon\">\n\t\t\t\t<a href=\"http:\/\/igj.co.mz\/?page_id=236\" class=\"elementor-icon\" tabindex=\"-1\" aria-label=\"Regime Jur\u00eddico\">\n\t\t\t\t<i aria-hidden=\"true\" class=\"fas fa-gavel\"><\/i>\t\t\t\t<\/a>\n\t\t\t<\/div>\n\t\t\t\n\t\t\t\t\t\t<div class=\"elementor-icon-box-content\">\n\n\t\t\t\t\t\t\t\t\t<h3 class=\"elementor-icon-box-title\">\n\t\t\t\t\t\t<a href=\"http:\/\/igj.co.mz\/?page_id=236\" >\n\t\t\t\t\t\t\tRegime Jur\u00eddico\t\t\t\t\t\t<\/a>\n\t\t\t\t\t<\/h3>\n\t\t\t\t\n\t\t\t\t\n\t\t\t<\/div>\n\t\t\t\n\t\t<\/div>\n\t\t\t\t\t\t<\/div>\n\t\t\t\t<\/div>\n\t\t\t\t<div class=\"elementor-element elementor-element-3672f75 elementor-position-inline-start elementor-view-default elementor-mobile-position-block-start elementor-widget elementor-widget-icon-box\" data-id=\"3672f75\" data-element_type=\"widget\" data-e-type=\"widget\" data-widget_type=\"icon-box.default\">\n\t\t\t\t<div class=\"elementor-widget-container\">\n\t\t\t\t\t\t\t<div class=\"elementor-icon-box-wrapper\">\n\n\t\t\t\t\t\t<div class=\"elementor-icon-box-icon\">\n\t\t\t\t<a href=\"http:\/\/igj.co.mz\/?page_id=242\" class=\"elementor-icon\" tabindex=\"-1\" aria-label=\"Regulamentos , Instru\u00e7\u00f5es e Orienta\u00e7\u00f5es\">\n\t\t\t\t<i aria-hidden=\"true\" class=\"far fa-newspaper\"><\/i>\t\t\t\t<\/a>\n\t\t\t<\/div>\n\t\t\t\n\t\t\t\t\t\t<div class=\"elementor-icon-box-content\">\n\n\t\t\t\t\t\t\t\t\t<h3 class=\"elementor-icon-box-title\">\n\t\t\t\t\t\t<a href=\"http:\/\/igj.co.mz\/?page_id=242\" >\n\t\t\t\t\t\t\tRegulamentos , Instru\u00e7\u00f5es e Orienta\u00e7\u00f5es\t\t\t\t\t\t<\/a>\n\t\t\t\t\t<\/h3>\n\t\t\t\t\n\t\t\t\t\n\t\t\t<\/div>\n\t\t\t\n\t\t<\/div>\n\t\t\t\t\t\t<\/div>\n\t\t\t\t<\/div>\n\t\t\t\t<div class=\"elementor-element elementor-element-8d5ab70 elementor-position-inline-start elementor-view-default elementor-mobile-position-block-start elementor-widget elementor-widget-icon-box\" data-id=\"8d5ab70\" data-element_type=\"widget\" data-e-type=\"widget\" data-widget_type=\"icon-box.default\">\n\t\t\t\t<div class=\"elementor-widget-container\">\n\t\t\t\t\t\t\t<div class=\"elementor-icon-box-wrapper\">\n\n\t\t\t\t\t\t<div class=\"elementor-icon-box-icon\">\n\t\t\t\t<a href=\"http:\/\/igj.co.mz\/?page_id=244\" class=\"elementor-icon\" tabindex=\"-1\" aria-label=\"Jogos e Apostas Regulamentados\">\n\t\t\t\t<i aria-hidden=\"true\" class=\"far fa-life-ring\"><\/i>\t\t\t\t<\/a>\n\t\t\t<\/div>\n\t\t\t\n\t\t\t\t\t\t<div class=\"elementor-icon-box-content\">\n\n\t\t\t\t\t\t\t\t\t<h3 class=\"elementor-icon-box-title\">\n\t\t\t\t\t\t<a href=\"http:\/\/igj.co.mz\/?page_id=244\" >\n\t\t\t\t\t\t\tJogos e Apostas Regulamentados\t\t\t\t\t\t<\/a>\n\t\t\t\t\t<\/h3>\n\t\t\t\t\n\t\t\t\t\n\t\t\t<\/div>\n\t\t\t\n\t\t<\/div>\n\t\t\t\t\t\t<\/div>\n\t\t\t\t<\/div>\n\t\t\t\t\t<\/div>\n\t\t<\/div>\n\t\t\t\t<div class=\"elementor-column elementor-col-66 elementor-top-column elementor-element elementor-element-45e52cf\" data-id=\"45e52cf\" data-element_type=\"column\" data-e-type=\"column\">\n\t\t\t<div class=\"elementor-widget-wrap elementor-element-populated\">\n\t\t\t\t\t\t<div class=\"elementor-element elementor-element-c6dc7d5 elementor-widget elementor-widget-heading\" data-id=\"c6dc7d5\" data-element_type=\"widget\" data-e-type=\"widget\" data-widget_type=\"heading.default\">\n\t\t\t\t<div class=\"elementor-widget-container\">\n\t\t\t\t\t<h2 class=\"elementor-heading-title elementor-size-default\">Entidades licenciadas<\/h2>\t\t\t\t<\/div>\n\t\t\t\t<\/div>\n\t\t\t\t<div class=\"elementor-element elementor-element-aa100b5 elementor-widget elementor-widget-text-editor\" data-id=\"aa100b5\" data-element_type=\"widget\" data-e-type=\"widget\" data-widget_type=\"text-editor.default\">\n\t\t\t\t<div class=\"elementor-widget-container\">\n\t\t\t\t\t\t\t\t\t<table border=\"1\" cellspacing=\"0\" cellpadding=\"6\">\n    <thead>\n        <tr>\n            <th>N\/O<\/th>\n            <th>NOME DA EMPRESA<\/th>\n            <th>Marca<\/th>\n            <th>Licenciada em opera\u00e7\u00e3o<\/th>\n            <th>Licenciada inoperacional<\/th>\n        <\/tr>\n    <\/thead>\n    <tbody>\n        <tr><td>1<\/td><td>Jogabets, Sa<\/td><td>Jogabets<\/td><td>\u2714<\/td><td><\/td><\/tr>\n        <tr><td>2<\/td><td>Oxygen 8 Gaming, Sa<\/td><td>Betyetu<br>Betvivo<\/td><td>\u2714<\/td><td><\/td><\/tr>\n        <tr><td>3<\/td><td>Arena Sports Entertenimento, Lda<\/td><td>BetArena<\/td><td>\u2714<\/td><td><\/td><\/tr>\n        <tr><td>4<\/td><td>Hollywood Bets<\/td><td>Hollywood Bets<\/td><td>\u2714<\/td><td><\/td><\/tr>\n        <tr><td>5<\/td><td>Mgb-Mozamb. Benfecial Games<\/td><td>Ola Bet<\/td><td>\u2714<\/td><td><\/td><\/tr>\n        <tr><td>6<\/td><td>Sojogo<\/td><td>Placard<\/td><td>\u2714<\/td><td><\/td><\/tr>\n        <tr><td>7<\/td><td>On Fon M\u00e9dia<\/td><td>Lucky Box<\/td><td>\u2714<\/td><td><\/td><\/tr>\n        <tr><td>8<\/td><td>Grande Rico<\/td><td>Megagame Live<\/td><td>\u2714<\/td><td><\/td><\/tr>\n        <tr><td>9<\/td><td>General Betting, Lda<\/td><td>Elephant Bet<br>TxunaBet<\/td><td>\u2714<\/td><td><\/td><\/tr>\n        <tr><td>10<\/td><td>888 Bet Moz, Lda (Ex. Velabet)<\/td><td>888 Bet<\/td><td>\u2714<\/td><td><\/td><\/tr>\n        <tr><td>11<\/td><td>JSE &#8211; Jogos Sociais E Entretenimento, SA<\/td><td>Betway<\/td><td>\u2714<\/td><td><\/td><\/tr>\n        <tr><td>12<\/td><td>Top Cross, Sa<\/td><td>1XBet<\/td><td>\u2714<\/td><td><\/td><\/tr>\n        <tr><td>13<\/td><td>Nelkeplay, Lda<\/td><td>22Bet<\/td><td>\u2714<\/td><td><\/td><\/tr>\n        <tr><td>14<\/td><td>Primius Game, Lda<\/td><td>eBet<\/td><td>\u2714<\/td><td><\/td><\/tr>\n        <tr><td>15<\/td><td>Sahara Game Technology, Lda<\/td><td>Sahara Game<\/td><td>\u2714<\/td><td><\/td><\/tr>\n        <tr><td>16<\/td><td>Lucky Lotto, Lda<\/td><td>Lucky Lotto<\/td><td>\u2714<\/td><td><\/td><\/tr>\n        <tr><td>17<\/td><td>Smart Way, Lda<\/td><td>Betwinner<\/td><td>\u2714<\/td><td><\/td><\/tr>\n        <tr><td>18<\/td><td>Fido Tecnologies, Lda<\/td><td>Bantu Bets<\/td><td>\u2714<\/td><td><\/td><\/tr>\n        <tr><td>19<\/td><td>Fidotech Mozambique, Lda<\/td><td>Fidotech<\/td><td>\u2714<\/td><td><\/td><\/tr>\n        <tr><td>20<\/td><td>Two 11, Lda<\/td><td>PremierBet<\/td><td>\u2714<\/td><td><\/td><\/tr>\n\n        <tr><td>21<\/td><td>Interconnections, Lda<\/td><td><\/td><td><\/td><td>\u2714<\/td><\/tr>\n        <tr><td>22<\/td><td>Port Achia, Lda<\/td><td>Bacela Bet<\/td><td><\/td><td>\u2714<\/td><\/tr>\n        <tr><td>23<\/td><td>Hotspot Mzambique, Lda<\/td><td>HotSpot<\/td><td><\/td><td>\u2714<\/td><\/tr>\n        <tr><td>24<\/td><td>Fortune Bet, Lda<\/td><td><\/td><td><\/td><td>\u2714<\/td><\/tr>\n        <tr><td>25<\/td><td>Alpha Connect, Lda<\/td><td><\/td><td><\/td><td>\u2714<\/td><\/tr>\n        <tr><td>26<\/td><td>Lev Bet, Lda<\/td><td><\/td><td><\/td><td>\u2714<\/td><\/tr>\n        <tr><td>27<\/td><td>Ziliqa, Lda<\/td><td><\/td><td><\/td><td>\u2714<\/td><\/tr>\n        <tr><td>28<\/td><td>Toki Ventures, Lda<\/td><td><\/td><td><\/td><td>\u2714<\/td><\/tr>\n        <tr><td>29<\/td><td>Plaza Sport, Lda<\/td><td><\/td><td><\/td><td>\u2714<\/td><\/tr>\n        <tr><td>30<\/td><td>Ml Entertainment, Lda<\/td><td><\/td><td><\/td><td>\u2714<\/td><\/tr>\n        <tr><td>31<\/td><td>Sporty Bet, Lda<\/td><td><\/td><td><\/td><td>\u2714<\/td><\/tr>\n        <tr><td>32<\/td><td>Bet 77, Lda<\/td><td><\/td><td><\/td><td>\u2714<\/td><\/tr>\n        <tr><td>33<\/td><td>Bm Solutions Mz, Lda<\/td><td><\/td><td><\/td><td>\u2714<\/td><\/tr>\n    <\/tbody>\n<\/table>\n\t\t\t\t\t\t\t\t<\/div>\n\t\t\t\t<\/div>\n\t\t\t\t\t<\/div>\n\t\t<\/div>\n\t\t\t\t\t<\/div>\n\t\t<\/section>\n\t\t\t\t<\/div>\n\t\t","protected":false},"excerpt":{"rendered":"<p>In\u00edcio Regime Jur\u00eddico Regulamentos , Instru\u00e7\u00f5es e Orienta\u00e7\u00f5es Jogos e Apostas Regulamentados Entidades licenciadas N\/O NOME DA EMPRESA Marca Licenciada em opera\u00e7\u00e3o Licenciada inoperacional 1 Jogabets, Sa Jogabets \u2714 2 Oxygen 8 Gaming, Sa BetyetuBetvivo \u2714 3 Arena Sports Entertenimento, Lda BetArena \u2714 4 Hollywood Bets Hollywood Bets \u2714 5 Mgb-Mozamb. Benfecial Games Ola Bet&hellip;<\/p>\n","protected":false},"author":2,"featured_media":0,"parent":0,"menu_order":0,"comment_status":"closed","ping_status":"closed","template":"","meta":{"footnotes":""},"class_list":["post-1026","page","type-page","status-publish","hentry"],"yoast_head":"<!-- This site is optimized with the Yoast SEO plugin v27.2 - https:\/\/yoast.com\/product\/yoast-seo-wordpress\/ -->\n<title>Entidades Licenciadas -<\/title>\n<meta name=\"robots\" content=\"index, follow, max-snippet:-1, max-image-preview:large, max-video-preview:-1\" \/>\n<link rel=\"canonical\" href=\"https:\/\/igj.co.mz\/?page_id=1026\" \/>\n<meta property=\"og:locale\" content=\"pt_PT\" \/>\n<meta property=\"og:type\" content=\"article\" \/>\n<meta property=\"og:title\" content=\"Entidades Licenciadas -\" \/>\n<meta property=\"og:description\" content=\"In\u00edcio Regime Jur\u00eddico Regulamentos , Instru\u00e7\u00f5es e Orienta\u00e7\u00f5es Jogos e Apostas Regulamentados Entidades licenciadas N\/O NOME DA EMPRESA Marca Licenciada em opera\u00e7\u00e3o Licenciada inoperacional 1 Jogabets, Sa Jogabets \u2714 2 Oxygen 8 Gaming, Sa BetyetuBetvivo \u2714 3 Arena Sports Entertenimento, Lda BetArena \u2714 4 Hollywood Bets Hollywood Bets \u2714 5 Mgb-Mozamb. Benfecial Games Ola Bet&hellip;\" \/>\n<meta property=\"og:url\" content=\"https:\/\/igj.co.mz\/?page_id=1026\" \/>\n<meta property=\"article:modified_time\" content=\"2025-12-01T12:40:50+00:00\" \/>\n<meta name=\"twitter:card\" content=\"summary_large_image\" \/>\n<meta name=\"twitter:label1\" content=\"Tempo estimado de leitura\" \/>\n\t<meta name=\"twitter:data1\" content=\"2 minutos\" \/>\n<script type=\"application\/ld+json\" class=\"yoast-schema-graph\">{\"@context\":\"https:\/\/schema.org\",\"@graph\":[{\"@type\":\"WebPage\",\"@id\":\"https:\/\/igj.co.mz\/?page_id=1026\",\"url\":\"https:\/\/igj.co.mz\/?page_id=1026\",\"name\":\"Entidades Licenciadas -\",\"isPartOf\":{\"@id\":\"https:\/\/igj.co.mz\/#website\"},\"datePublished\":\"2020-06-05T10:55:54+00:00\",\"dateModified\":\"2025-12-01T12:40:50+00:00\",\"breadcrumb\":{\"@id\":\"https:\/\/igj.co.mz\/?page_id=1026#breadcrumb\"},\"inLanguage\":\"pt-PT\",\"potentialAction\":[{\"@type\":\"ReadAction\",\"target\":[\"https:\/\/igj.co.mz\/?page_id=1026\"]}]},{\"@type\":\"BreadcrumbList\",\"@id\":\"https:\/\/igj.co.mz\/?page_id=1026#breadcrumb\",\"itemListElement\":[{\"@type\":\"ListItem\",\"position\":1,\"name\":\"In\u00edcio\",\"item\":\"https:\/\/igj.co.mz\/\"},{\"@type\":\"ListItem\",\"position\":2,\"name\":\"Entidades Licenciadas\"}]},{\"@type\":\"WebSite\",\"@id\":\"https:\/\/igj.co.mz\/#website\",\"url\":\"https:\/\/igj.co.mz\/\",\"name\":\"\",\"description\":\"\",\"potentialAction\":[{\"@type\":\"SearchAction\",\"target\":{\"@type\":\"EntryPoint\",\"urlTemplate\":\"https:\/\/igj.co.mz\/?s={search_term_string}\"},\"query-input\":{\"@type\":\"PropertyValueSpecification\",\"valueRequired\":true,\"valueName\":\"search_term_string\"}}],\"inLanguage\":\"pt-PT\"}]}<\/script>\n<!-- \/ Yoast SEO plugin. -->","yoast_head_json":{"title":"Entidades Licenciadas -","robots":{"index":"index","follow":"follow","max-snippet":"max-snippet:-1","max-image-preview":"max-image-preview:large","max-video-preview":"max-video-preview:-1"},"canonical":"https:\/\/igj.co.mz\/?page_id=1026","og_locale":"pt_PT","og_type":"article","og_title":"Entidades Licenciadas -","og_description":"In\u00edcio Regime Jur\u00eddico Regulamentos , Instru\u00e7\u00f5es e Orienta\u00e7\u00f5es Jogos e Apostas Regulamentados Entidades licenciadas N\/O NOME DA EMPRESA Marca Licenciada em opera\u00e7\u00e3o Licenciada inoperacional 1 Jogabets, Sa Jogabets \u2714 2 Oxygen 8 Gaming, Sa BetyetuBetvivo \u2714 3 Arena Sports Entertenimento, Lda BetArena \u2714 4 Hollywood Bets Hollywood Bets \u2714 5 Mgb-Mozamb. Benfecial Games Ola Bet&hellip;","og_url":"https:\/\/igj.co.mz\/?page_id=1026","article_modified_time":"2025-12-01T12:40:50+00:00","twitter_card":"summary_large_image","twitter_misc":{"Tempo estimado de leitura":"2 minutos"},"schema":{"@context":"https:\/\/schema.org","@graph":[{"@type":"WebPage","@id":"https:\/\/igj.co.mz\/?page_id=1026","url":"https:\/\/igj.co.mz\/?page_id=1026","name":"Entidades Licenciadas -","isPartOf":{"@id":"https:\/\/igj.co.mz\/#website"},"datePublished":"2020-06-05T10:55:54+00:00","dateModified":"2025-12-01T12:40:50+00:00","breadcrumb":{"@id":"https:\/\/igj.co.mz\/?page_id=1026#breadcrumb"},"inLanguage":"pt-PT","potentialAction":[{"@type":"ReadAction","target":["https:\/\/igj.co.mz\/?page_id=1026"]}]},{"@type":"BreadcrumbList","@id":"https:\/\/igj.co.mz\/?page_id=1026#breadcrumb","itemListElement":[{"@type":"ListItem","position":1,"name":"In\u00edcio","item":"https:\/\/igj.co.mz\/"},{"@type":"ListItem","position":2,"name":"Entidades Licenciadas"}]},{"@type":"WebSite","@id":"https:\/\/igj.co.mz\/#website","url":"https:\/\/igj.co.mz\/","name":"","description":"","potentialAction":[{"@type":"SearchAction","target":{"@type":"EntryPoint","urlTemplate":"https:\/\/igj.co.mz\/?s={search_term_string}"},"query-input":{"@type":"PropertyValueSpecification","valueRequired":true,"valueName":"search_term_string"}}],"inLanguage":"pt-PT"}]}},"_links":{"self":[{"href":"https:\/\/igj.co.mz\/index.php?rest_route=\/wp\/v2\/pages\/1026","targetHints":{"allow":["GET"]}}],"collection":[{"href":"https:\/\/igj.co.mz\/index.php?rest_route=\/wp\/v2\/pages"}],"about":[{"href":"https:\/\/igj.co.mz\/index.php?rest_route=\/wp\/v2\/types\/page"}],"author":[{"embeddable":true,"href":"https:\/\/igj.co.mz\/index.php?rest_route=\/wp\/v2\/users\/2"}],"replies":[{"embeddable":true,"href":"https:\/\/igj.co.mz\/index.php?rest_route=%2Fwp%2Fv2%2Fcomments&post=1026"}],"version-history":[{"count":15,"href":"https:\/\/igj.co.mz\/index.php?rest_route=\/wp\/v2\/pages\/1026\/revisions"}],"predecessor-version":[{"id":2562,"href":"https:\/\/igj.co.mz\/index.php?rest_route=\/wp\/v2\/pages\/1026\/revisions\/2562"}],"wp:attachment":[{"href":"https:\/\/igj.co.mz\/index.php?rest_route=%2Fwp%2Fv2%2Fmedia&parent=1026"}],"curies":[{"name":"wp","href":"https:\/\/api.w.org\/{rel}","templated":true}]}}